{"id":652,"date":"2021-04-14T11:09:10","date_gmt":"2021-04-14T10:09:10","guid":{"rendered":"https:\/\/aimdev.fusio.dev\/sample-page\/"},"modified":"2021-05-28T12:02:09","modified_gmt":"2021-05-28T11:02:09","slug":"sample-page","status":"publish","type":"page","link":"https:\/\/aim.gov.ie\/ga\/","title":{"rendered":"Baile"},"content":{"rendered":"\r\n<!--#section-hero\" -->\r\n\t\t<section class=\"section-hero bg-img bg-100 bg-top\" style=\"background-image:url(https:\/\/aim.gov.ie\/app\/uploads\/2021\/05\/aim-homepage-banner-1440x600-1.png);\">\r\n\t\t\t<div class=\"container\">\r\n\t\t\t\t<div class=\"row\">\r\n\t\t\t\t\t<div class=\"col-12\">\r\n\t\t\t\t\t\t<div class=\"hero-container text-center\">\r\n\t\t\t\t\t\t\t<h1 class=\"mb-3 color-dark-blue\" id=\"pagecontent\">An tSamhail um Rochtain agus Cuimsi\u00fa<\/h1>\r\n\t\t\t\t\t\t\t<h2 class=\"mb-4 color-dark-blue\">Ag foghlaim agus ag s\u00fagradh le ch\u00e9ile<\/h2>\r\n\t\t\t\t\t\t\t<div class=\"w-100 d-flex align-items-center justify-content-center\">\r\n\t\t\t\t\t\t\t\t<a class=\"d-table px-4 px-lg-5 py-2 mr-3 bg-color-blue color-white border-radius\" href=\"Your hero button 01 link here...\">Is tuismitheoir m\u00e9 <\/a>\r\n\t\t\t\t\t\t\t\t<a class=\"d-table px-4 px-lg-5 py-2 bg-color-teal color-white border-radius\" href=\"Your hero button 02 link here...\">Is sol\u00e1thra\u00ed m\u00e9 <\/a>\r\n\t\t\t\t\t\t\t<\/div>\r\n\t\t\t\t\t\t<\/div>\r\n\t\t\t\t\t<\/div>\r\n\t\t\t\t<\/div>\r\n\t\t\t<\/div>\r\n\t\t<\/section>\n\n\r\n<!--#section-header\" -->\r\n<section class=\"section-contentpage bg-gradient-pink py-5\">\r\n\t<div class=\"container\">\r\n\t\t<div class=\"row pageheader\">\r\n\t\t\t<div class=\"col-12 col-lg-4 col-xl-3\">\r\n\t\t\t\t<h1 class=\"color-orange\">F\u00e1ilte<\/h1>\r\n\t\t\t<\/div>\r\n\t\t\t<div class=\"col-12 col-lg-8 col-xl-9\">\r\n\t\t\t\t<p>Is \u00e9 aidhm AIM timpeallacht n\u00edos cuimsith\u00ed a chruth\u00fa i r\u00e9amhscoileanna, ionas gur f\u00e9idir le gach leanbh, beag beann ar chumas, tairbhe a bhaint as c\u00faram agus fhoghlaim na luath\u00f3ige at\u00e1 ar ardchaighde\u00e1n. Is bealach \u00e9 an tsamhail lena chinnti\u00fa go dtarla\u00edonn s\u00e9 seo tr\u00ed thaca\u00edochta\u00ed uil\u00edocha a chur ar f\u00e1il do shu\u00edomhanna r\u00e9amhscoile, agus taca\u00edochta\u00ed spriocdh\u00edrithe, a dh\u00edr\u00edonn ar riachtanais an linbh aonair, gan g\u00e1 a bheith le diagn\u00f3is de mh\u00edchumas.<\/p>\n<p>Cuireadh t\u00fas le AIM in 2016, agus \u00f3 shin i leith, t\u00e1 cabhair tugtha do na m\u00edlte leana\u00ed faoi\u00a0 mh\u00edchumas p\u00e1irt l\u00e1nbhr\u00ed a ghlacadh sa Chl\u00e1r um Ch\u00faram agus Oideachas na Luath-\u00d3ige (Early Childhood Care and Education, ECCE) i su\u00edomhanna r\u00e9amhscoile ar fud na t\u00edre. T\u00e1 aitheantas idirn\u00e1isi\u00fanta tugtha don tsamhail agus t\u00e1 gradaim bronnta i nd\u00e1il le barr feabhais i gcleachtas, agus beartas cuimsitheach.<\/p>\n<p>Chun tuilleadh faisn\u00e9ise a fh\u00e1il maidir le conas is f\u00e9idir le AIM cabhr\u00fa leat, conas iarratas a dh\u00e9anamh ar thaca\u00edochta\u00ed AIM n\u00f3 m\u00e1s mian leat tuilleadh \u00e1bhair a l\u00e9amh, clice\u00e1il ar cheann de na cnaip\u00ed th\u00edos.<\/p>\n\t\t\t<\/div>\r\n\t\t<\/div>\r\n\t<\/div>\r\n<\/section>\n\n\r\n<!--#section-contentpage\" -->\r\n<section class=\"section-contentpage bg-color-orange pt-5 pb-1\">\r\n\t<div class=\"container\">\r\n\t\t<div class=\"row\">\r\n\t\t\t<div class=\"col-12 mb-4 text-center\">\r\n\t\t\t\t<h2 class=\"color-white\">Tuilleadh faisn\u00e9ise faoi AIM<\/h2>\r\n\t\t\t<\/div>\r\n\t\t<\/div>\r\n\t\t<div class=\"row boxes\">\t\r\n\t\t\t\t\t\t\t\t\t<div class=\"col-12 col-md-4 mb-5\">\r\n\t\t\t\t\t\t\t<a href=\"\" class=\"w-100 d-table\">\r\n\t\t\t\t\t\t\t\t<img decoding=\"async\" class=\"w-100 img-fluid\" src=\"https:\/\/aim.gov.ie\/app\/uploads\/2021\/05\/graphic-aim-supports.png\" alt=\"\" \/>\r\n\t\t\t\t\t\t\t\t<h3 class=\"color-white mt-3\">Taca\u00edochta\u00ed AIM<\/h3>\r\n\t\t\t\t\t\t\t\t<p class=\"color-black\">Sol\u00e1thra\u00edtear taca\u00edochta\u00ed AIM tr\u00ed chl\u00e1r ECCE. T\u00e1 na pr\u00edomhthaca\u00edochta\u00ed gr\u00fap\u00e1ilte i dtaca\u00edochta\u00ed uil\u00edocha n\u00f3 spriocdh\u00edrithe. <\/p>\r\n\t\t\t\t\t\t\t<\/a>\r\n\t\t\t\t\t\t<\/div>\r\n\t\t\t\t\t\t\t\t\t\t\t<div class=\"col-12 col-md-4 mb-5\">\r\n\t\t\t\t\t\t\t<a href=\"\" class=\"w-100 d-table\">\r\n\t\t\t\t\t\t\t\t<img decoding=\"async\" class=\"w-100 img-fluid\" src=\"https:\/\/aim.gov.ie\/app\/uploads\/2021\/05\/graphic-how-to-apply.png\" alt=\"\" \/>\r\n\t\t\t\t\t\t\t\t<h3 class=\"color-white mt-3\">Conas iarratas a dh\u00e9anamh<\/h3>\r\n\t\t\t\t\t\t\t\t<p class=\"color-black\">T\u00e1 pr\u00f3iseas iarratais AIM simpl\u00ed, t\u00e1 taca\u00edochta\u00ed AIM roinnte in dh\u00e1 phr\u00edomhr\u00e9imse &#8211; taca\u00edochta\u00ed uil\u00edocha agus spriocdh\u00edrithe. <\/p>\r\n\t\t\t\t\t\t\t<\/a>\r\n\t\t\t\t\t\t<\/div>\r\n\t\t\t\t\t\t\t\t\t\t\t<div class=\"col-12 col-md-4 mb-5\">\r\n\t\t\t\t\t\t\t<a href=\"\" class=\"w-100 d-table\">\r\n\t\t\t\t\t\t\t\t<img decoding=\"async\" class=\"w-100 img-fluid\" src=\"https:\/\/aim.gov.ie\/app\/uploads\/2021\/05\/graphic-faq.png\" alt=\"\" \/>\r\n\t\t\t\t\t\t\t\t<h3 class=\"color-white mt-3\">Ceisteanna coitianta<\/h3>\r\n\t\t\t\t\t\t\t\t<p class=\"color-black\">An bhfuil ceist agat faoi AIM? B\u00ed cinnte breathn\u00fa ar \u00e1r gCeisteanna Coitianta!<\/p>\r\n\t\t\t\t\t\t\t<\/a>\r\n\t\t\t\t\t\t<\/div>\r\n\t\t\t\t\t\t\t\t\t\t\t\t\r\n\t\t<\/div>\r\n\t<\/div>\r\n<\/section>\r\n","protected":false},"excerpt":{"rendered":"","protected":false},"author":1,"featured_media":0,"parent":0,"menu_order":0,"comment_status":"closed","ping_status":"closed","template":"","meta":{"_acf_changed":false,"footnotes":""},"class_list":["post-652","page","type-page","status-publish","hentry"],"acf":[],"yoast_head":"<!-- This site is optimized with the Yoast SEO plugin v26.4 - https:\/\/yoast.com\/wordpress\/plugins\/seo\/ -->\n<title>Baile - Access and Inclusion Model<\/title>\n<meta name=\"robots\" content=\"index, follow, max-snippet:-1, max-image-preview:large, max-video-preview:-1\" \/>\n<link rel=\"canonical\" href=\"https:\/\/aim.gov.ie\/ga\/\" \/>\n<meta property=\"og:locale\" content=\"ga_IE\" \/>\n<meta property=\"og:type\" content=\"article\" \/>\n<meta property=\"og:title\" content=\"Baile - Access and Inclusion Model\" \/>\n<meta property=\"og:url\" content=\"https:\/\/aim.gov.ie\/ga\/\" \/>\n<meta property=\"og:site_name\" content=\"Access and Inclusion Model\" \/>\n<meta property=\"article:modified_time\" content=\"2021-05-28T11:02:09+00:00\" \/>\n<meta name=\"twitter:card\" content=\"summary_large_image\" \/>\n<script type=\"application\/ld+json\" class=\"yoast-schema-graph\">{\"@context\":\"https:\/\/schema.org\",\"@graph\":[{\"@type\":\"WebPage\",\"@id\":\"https:\/\/aim.gov.ie\/ga\/\",\"url\":\"https:\/\/aim.gov.ie\/ga\/\",\"name\":\"Baile - Access and Inclusion Model\",\"isPartOf\":{\"@id\":\"https:\/\/aim.gov.ie\/ga\/#website\"},\"datePublished\":\"2021-04-14T10:09:10+00:00\",\"dateModified\":\"2021-05-28T11:02:09+00:00\",\"breadcrumb\":{\"@id\":\"https:\/\/aim.gov.ie\/ga\/#breadcrumb\"},\"inLanguage\":\"ga-IE\",\"potentialAction\":[{\"@type\":\"ReadAction\",\"target\":[\"https:\/\/aim.gov.ie\/ga\/\"]}]},{\"@type\":\"BreadcrumbList\",\"@id\":\"https:\/\/aim.gov.ie\/ga\/#breadcrumb\",\"itemListElement\":[{\"@type\":\"ListItem\",\"position\":1,\"name\":\"Home\",\"item\":\"https:\/\/aim.gov.ie\/ga\/\"},{\"@type\":\"ListItem\",\"position\":2,\"name\":\"Baile\"}]},{\"@type\":\"WebSite\",\"@id\":\"https:\/\/aim.gov.ie\/ga\/#website\",\"url\":\"https:\/\/aim.gov.ie\/ga\/\",\"name\":\"Access and Inclusion Model\",\"description\":\"The Access and Inclusion Model (AIM) is a model of supports designed to ensure that children with disabilities can access the Early Childhood Care and Education (ECCE) Programme.\",\"potentialAction\":[{\"@type\":\"SearchAction\",\"target\":{\"@type\":\"EntryPoint\",\"urlTemplate\":\"https:\/\/aim.gov.ie\/ga\/?s={search_term_string}\"},\"query-input\":{\"@type\":\"PropertyValueSpecification\",\"valueRequired\":true,\"valueName\":\"search_term_string\"}}],\"inLanguage\":\"ga-IE\"}]}<\/script>\n<!-- \/ Yoast SEO plugin. -->","yoast_head_json":{"title":"Baile - Access and Inclusion Model","robots":{"index":"index","follow":"follow","max-snippet":"max-snippet:-1","max-image-preview":"max-image-preview:large","max-video-preview":"max-video-preview:-1"},"canonical":"https:\/\/aim.gov.ie\/ga\/","og_locale":"ga_IE","og_type":"article","og_title":"Baile - Access and Inclusion Model","og_url":"https:\/\/aim.gov.ie\/ga\/","og_site_name":"Access and Inclusion Model","article_modified_time":"2021-05-28T11:02:09+00:00","twitter_card":"summary_large_image","schema":{"@context":"https:\/\/schema.org","@graph":[{"@type":"WebPage","@id":"https:\/\/aim.gov.ie\/ga\/","url":"https:\/\/aim.gov.ie\/ga\/","name":"Baile - Access and Inclusion Model","isPartOf":{"@id":"https:\/\/aim.gov.ie\/ga\/#website"},"datePublished":"2021-04-14T10:09:10+00:00","dateModified":"2021-05-28T11:02:09+00:00","breadcrumb":{"@id":"https:\/\/aim.gov.ie\/ga\/#breadcrumb"},"inLanguage":"ga-IE","potentialAction":[{"@type":"ReadAction","target":["https:\/\/aim.gov.ie\/ga\/"]}]},{"@type":"BreadcrumbList","@id":"https:\/\/aim.gov.ie\/ga\/#breadcrumb","itemListElement":[{"@type":"ListItem","position":1,"name":"Home","item":"https:\/\/aim.gov.ie\/ga\/"},{"@type":"ListItem","position":2,"name":"Baile"}]},{"@type":"WebSite","@id":"https:\/\/aim.gov.ie\/ga\/#website","url":"https:\/\/aim.gov.ie\/ga\/","name":"Access and Inclusion Model","description":"The Access and Inclusion Model (AIM) is a model of supports designed to ensure that children with disabilities can access the Early Childhood Care and Education (ECCE) Programme.","potentialAction":[{"@type":"SearchAction","target":{"@type":"EntryPoint","urlTemplate":"https:\/\/aim.gov.ie\/ga\/?s={search_term_string}"},"query-input":{"@type":"PropertyValueSpecification","valueRequired":true,"valueName":"search_term_string"}}],"inLanguage":"ga-IE"}]}},"_links":{"self":[{"href":"https:\/\/aim.gov.ie\/ga\/wp-json\/wp\/v2\/pages\/652","targetHints":{"allow":["GET"]}}],"collection":[{"href":"https:\/\/aim.gov.ie\/ga\/wp-json\/wp\/v2\/pages"}],"about":[{"href":"https:\/\/aim.gov.ie\/ga\/wp-json\/wp\/v2\/types\/page"}],"author":[{"embeddable":true,"href":"https:\/\/aim.gov.ie\/ga\/wp-json\/wp\/v2\/users\/1"}],"replies":[{"embeddable":true,"href":"https:\/\/aim.gov.ie\/ga\/wp-json\/wp\/v2\/comments?post=652"}],"version-history":[{"count":5,"href":"https:\/\/aim.gov.ie\/ga\/wp-json\/wp\/v2\/pages\/652\/revisions"}],"predecessor-version":[{"id":776,"href":"https:\/\/aim.gov.ie\/ga\/wp-json\/wp\/v2\/pages\/652\/revisions\/776"}],"wp:attachment":[{"href":"https:\/\/aim.gov.ie\/ga\/wp-json\/wp\/v2\/media?parent=652"}],"curies":[{"name":"wp","href":"https:\/\/api.w.org\/{rel}","templated":true}]}}