{"id":658,"date":"2021-05-06T16:37:48","date_gmt":"2021-05-06T15:37:48","guid":{"rendered":"https:\/\/aimdev.fusio.dev\/providers\/"},"modified":"2021-05-28T12:03:16","modified_gmt":"2021-05-28T11:03:16","slug":"providers","status":"publish","type":"page","link":"https:\/\/aim.gov.ie\/ga\/providers\/","title":{"rendered":"Do Shol\u00e1thraithe"},"content":{"rendered":"\r\n<!--#section-header\" -->\r\n<section class=\"section-contentpage bg-gradient-pink py-5\">\r\n\t<div class=\"container\">\r\n\t\t<div class=\"row pageheader\">\r\n\t\t\t<div class=\"col-12 col-lg-4 col-xl-3\">\r\n\t\t\t\t<h1 class=\"color-orange\">Do Shol\u00e1thraithe<\/h1>\r\n\t\t\t<\/div>\r\n\t\t\t<div class=\"col-12 col-lg-8 col-xl-9\">\r\n\t\t\t\t<p>F\u00e1ilte chuig leathanach sol\u00e1thraithe shu\u00edomh gr\u00e9as\u00e1in na Samhla um Rochtain agus Cuimsi\u00fa (AIM). Is \u00e9 aidhm AIM cur ar do chumas timpeallacht n\u00edos cuimsith\u00ed a chruth\u00fa i do r\u00e9amhscoil do gach leanbh, beag beann ar chumas. Sol\u00e1thra\u00edonn AIM oili\u00faint agus faisn\u00e9is maidir le cleachtas cuimsitheach mar aon le cl\u00e1r ch\u00e1il\u00edocht leibh\u00e9al 6 i gCeannaireacht um Chuimsi\u00fa sna Luathbhlianta (LINC) a mhaoini\u00fa. Chomh maith leis sin, sol\u00e1thra\u00edonn AIM taca\u00edochta\u00ed spriocdh\u00edrithe, do leana\u00ed aonair bunaithe ar a gcuid riachtanas gan g\u00e1 a bheith le diagn\u00f3is de mh\u00edchumas.<\/p>\n<p>Chun tuilleadh faisn\u00e9ise a fh\u00e1il maidir le conas is f\u00e9idir le AIM cabhr\u00fa leat, conas iarratas a dh\u00e9anamh ar thaca\u00edochta\u00ed AIM n\u00f3 m\u00e1s mian leat tuilleadh \u00e1bhair a l\u00e9amh, clice\u00e1il ar cheann de na cnaip\u00ed th\u00edos.<\/p>\n\t\t\t<\/div>\r\n\t\t<\/div>\r\n\t<\/div>\r\n<\/section>\n\n\r\n<!--#section-contentpage\" -->\r\n<section class=\"section-contentpage bg-color-orange pt-5 pb-1\">\r\n\t<div class=\"container\">\r\n\t\t<div class=\"row\">\r\n\t\t\t<div class=\"col-12 mb-4 text-center\">\r\n\t\t\t\t<h2 class=\"color-white\">Achmhainn\u00ed do Shol\u00e1thraithe<\/h2>\r\n\t\t\t<\/div>\r\n\t\t<\/div>\r\n\t\t<div class=\"row boxes\">\t\r\n\t\t\t\t\t\t\t\t\t<div class=\"col-12 col-lg-6 mb-5\">\r\n\t\t\t\t\t\t\t<a href=\"\" class=\"w-100 d-table\">\r\n\t\t\t\t\t\t\t\t<img decoding=\"async\" class=\"w-100 img-fluid\" src=\"https:\/\/aim.gov.ie\/app\/uploads\/2021\/05\/graphic-aim-supports.png\" alt=\"\" \/>\r\n\t\t\t\t\t\t\t\t<h3 class=\"color-white mt-3\">Taca\u00edochta\u00ed AIM<\/h3>\r\n\t\t\t\t\t\t\t\t<p class=\"color-black\">Sol\u00e1thra\u00edtear taca\u00edochta\u00ed AIM tr\u00ed chl\u00e1r ECCE. T\u00e1 na pr\u00edomhthaca\u00edochta\u00ed gr\u00fap\u00e1ilte i dtaca\u00edochta\u00ed uil\u00edocha n\u00f3 spriocdh\u00edrithe. <\/p>\r\n\t\t\t\t\t\t\t<\/a>\r\n\t\t\t\t\t\t<\/div>\r\n\t\t\t\t\t\t\t\t\t\t\t<div class=\"col-12 col-lg-6 mb-5\">\r\n\t\t\t\t\t\t\t<a href=\"\" class=\"w-100 d-table\">\r\n\t\t\t\t\t\t\t\t<img decoding=\"async\" class=\"w-100 img-fluid\" src=\"https:\/\/aim.gov.ie\/app\/uploads\/2021\/05\/graphic-how-to-apply.png\" alt=\"\" \/>\r\n\t\t\t\t\t\t\t\t<h3 class=\"color-white mt-3\">Conas Iarratas a dh\u00e9anamh<\/h3>\r\n\t\t\t\t\t\t\t\t<p class=\"color-black\">T\u00e1 pr\u00f3iseas iarratais AIM simpl\u00ed, t\u00e1 taca\u00edochta\u00ed AIM roinnte in dh\u00e1 phr\u00edomhr\u00e9imse &#8211; taca\u00edochta\u00ed uil\u00edocha agus spriocdh\u00edrithe. <\/p>\r\n\t\t\t\t\t\t\t<\/a>\r\n\t\t\t\t\t\t<\/div>\r\n\t\t\t\t\t\t\t\t\t\t\t<div class=\"col-12 col-lg-6 mb-5\">\r\n\t\t\t\t\t\t\t<a href=\"\" class=\"w-100 d-table\">\r\n\t\t\t\t\t\t\t\t<img decoding=\"async\" class=\"w-100 img-fluid\" src=\"https:\/\/aim.gov.ie\/app\/uploads\/2021\/05\/graphic-aim-policy-rules.png\" alt=\"\" \/>\r\n\t\t\t\t\t\t\t\t<h3 class=\"color-white mt-3\">Beartas agus Rialacha AIM<\/h3>\r\n\t\t\t\t\t\t\t\t<p class=\"color-black\">Eolas maidir le beartas, rialacha cothrom le d\u00e1ta AIM, conas ar buna\u00edodh AIM agus athbhreithni\u00fa ar an gCl\u00e1r.\r\n\r\n<\/p>\r\n\t\t\t\t\t\t\t<\/a>\r\n\t\t\t\t\t\t<\/div>\r\n\t\t\t\t\t\t\t\t\t\t\t<div class=\"col-12 col-lg-6 mb-5\">\r\n\t\t\t\t\t\t\t<a href=\"\" class=\"w-100 d-table\">\r\n\t\t\t\t\t\t\t\t<img decoding=\"async\" class=\"w-100 img-fluid\" src=\"https:\/\/aim.gov.ie\/app\/uploads\/2021\/05\/graphic-faq.png\" alt=\"\" \/>\r\n\t\t\t\t\t\t\t\t<h3 class=\"color-white mt-3\">Ceisteanna Coitianta<\/h3>\r\n\t\t\t\t\t\t\t\t<p class=\"color-black\">An bhfuil ceist agat faoi AIM? B\u00ed cinnte  breathn\u00fa ar \u00e1r gceisteanna coitianta!<\/p>\r\n\t\t\t\t\t\t\t<\/a>\r\n\t\t\t\t\t\t<\/div>\r\n\t\t\t\t\t\t\t\t\t\t\t<div class=\"col-12 col-lg-6 mb-5\">\r\n\t\t\t\t\t\t\t<a href=\"https:\/\/aim.gov.ie\/resources\/\" class=\"w-100 d-table\">\r\n\t\t\t\t\t\t\t\t<img decoding=\"async\" class=\"w-100 img-fluid\" src=\"https:\/\/aim.gov.ie\/app\/uploads\/2021\/05\/graphic-inclusive-play.png\" alt=\"\" \/>\r\n\t\t\t\t\t\t\t\t<h3 class=\"color-white mt-3\">S\u00fagradh Cuimsitheach AIM<\/h3>\r\n\t\t\t\t\t\t\t\t<p class=\"color-black\">Buna\u00edodh S\u00fagradh Cuimsitheach AIM in 2018 mar thacar acmhainn\u00ed s\u00fagartha c\u00e9adfacha agus oideachais chun tac\u00fa le cleachtas cuimsitheach laistigh de shu\u00edomhanna Fhoghlaim agus Ch\u00faram na Luath-\u00d3ige. <\/p>\r\n\t\t\t\t\t\t\t<\/a>\r\n\t\t\t\t\t\t<\/div>\r\n\t\t\t\t\t\t\t\t\t\t\t\t\r\n\t\t<\/div>\r\n\t<\/div>\r\n<\/section>\r\n","protected":false},"excerpt":{"rendered":"","protected":false},"author":4,"featured_media":0,"parent":0,"menu_order":2,"comment_status":"closed","ping_status":"closed","template":"","meta":{"_acf_changed":false,"footnotes":""},"class_list":["post-658","page","type-page","status-publish","hentry"],"acf":[],"yoast_head":"<!-- This site is optimized with the Yoast SEO plugin v26.4 - https:\/\/yoast.com\/wordpress\/plugins\/seo\/ -->\n<title>Do Shol\u00e1thraithe - Access and Inclusion Model<\/title>\n<meta name=\"robots\" content=\"index, follow, max-snippet:-1, max-image-preview:large, max-video-preview:-1\" \/>\n<link rel=\"canonical\" href=\"https:\/\/aim.gov.ie\/ga\/providers\/\" \/>\n<meta property=\"og:locale\" content=\"ga_IE\" \/>\n<meta property=\"og:type\" content=\"article\" \/>\n<meta property=\"og:title\" content=\"Do Shol\u00e1thraithe - Access and Inclusion Model\" \/>\n<meta property=\"og:url\" content=\"https:\/\/aim.gov.ie\/ga\/providers\/\" \/>\n<meta property=\"og:site_name\" content=\"Access and Inclusion Model\" \/>\n<meta property=\"article:modified_time\" content=\"2021-05-28T11:03:16+00:00\" \/>\n<meta name=\"twitter:card\" content=\"summary_large_image\" \/>\n<script type=\"application\/ld+json\" class=\"yoast-schema-graph\">{\"@context\":\"https:\/\/schema.org\",\"@graph\":[{\"@type\":\"WebPage\",\"@id\":\"https:\/\/aim.gov.ie\/ga\/providers\/\",\"url\":\"https:\/\/aim.gov.ie\/ga\/providers\/\",\"name\":\"Do Shol\u00e1thraithe - Access and Inclusion Model\",\"isPartOf\":{\"@id\":\"https:\/\/aim.gov.ie\/ga\/#website\"},\"datePublished\":\"2021-05-06T15:37:48+00:00\",\"dateModified\":\"2021-05-28T11:03:16+00:00\",\"breadcrumb\":{\"@id\":\"https:\/\/aim.gov.ie\/ga\/providers\/#breadcrumb\"},\"inLanguage\":\"ga-IE\",\"potentialAction\":[{\"@type\":\"ReadAction\",\"target\":[\"https:\/\/aim.gov.ie\/ga\/providers\/\"]}]},{\"@type\":\"BreadcrumbList\",\"@id\":\"https:\/\/aim.gov.ie\/ga\/providers\/#breadcrumb\",\"itemListElement\":[{\"@type\":\"ListItem\",\"position\":1,\"name\":\"Home\",\"item\":\"https:\/\/aim.gov.ie\/ga\/\"},{\"@type\":\"ListItem\",\"position\":2,\"name\":\"Do Shol\u00e1thraithe\"}]},{\"@type\":\"WebSite\",\"@id\":\"https:\/\/aim.gov.ie\/ga\/#website\",\"url\":\"https:\/\/aim.gov.ie\/ga\/\",\"name\":\"Access and Inclusion Model\",\"description\":\"The Access and Inclusion Model (AIM) is a model of supports designed to ensure that children with disabilities can access the Early Childhood Care and Education (ECCE) Programme.\",\"potentialAction\":[{\"@type\":\"SearchAction\",\"target\":{\"@type\":\"EntryPoint\",\"urlTemplate\":\"https:\/\/aim.gov.ie\/ga\/?s={search_term_string}\"},\"query-input\":{\"@type\":\"PropertyValueSpecification\",\"valueRequired\":true,\"valueName\":\"search_term_string\"}}],\"inLanguage\":\"ga-IE\"}]}<\/script>\n<!-- \/ Yoast SEO plugin. -->","yoast_head_json":{"title":"Do Shol\u00e1thraithe - Access and Inclusion Model","robots":{"index":"index","follow":"follow","max-snippet":"max-snippet:-1","max-image-preview":"max-image-preview:large","max-video-preview":"max-video-preview:-1"},"canonical":"https:\/\/aim.gov.ie\/ga\/providers\/","og_locale":"ga_IE","og_type":"article","og_title":"Do Shol\u00e1thraithe - Access and Inclusion Model","og_url":"https:\/\/aim.gov.ie\/ga\/providers\/","og_site_name":"Access and Inclusion Model","article_modified_time":"2021-05-28T11:03:16+00:00","twitter_card":"summary_large_image","schema":{"@context":"https:\/\/schema.org","@graph":[{"@type":"WebPage","@id":"https:\/\/aim.gov.ie\/ga\/providers\/","url":"https:\/\/aim.gov.ie\/ga\/providers\/","name":"Do Shol\u00e1thraithe - Access and Inclusion Model","isPartOf":{"@id":"https:\/\/aim.gov.ie\/ga\/#website"},"datePublished":"2021-05-06T15:37:48+00:00","dateModified":"2021-05-28T11:03:16+00:00","breadcrumb":{"@id":"https:\/\/aim.gov.ie\/ga\/providers\/#breadcrumb"},"inLanguage":"ga-IE","potentialAction":[{"@type":"ReadAction","target":["https:\/\/aim.gov.ie\/ga\/providers\/"]}]},{"@type":"BreadcrumbList","@id":"https:\/\/aim.gov.ie\/ga\/providers\/#breadcrumb","itemListElement":[{"@type":"ListItem","position":1,"name":"Home","item":"https:\/\/aim.gov.ie\/ga\/"},{"@type":"ListItem","position":2,"name":"Do Shol\u00e1thraithe"}]},{"@type":"WebSite","@id":"https:\/\/aim.gov.ie\/ga\/#website","url":"https:\/\/aim.gov.ie\/ga\/","name":"Access and Inclusion Model","description":"The Access and Inclusion Model (AIM) is a model of supports designed to ensure that children with disabilities can access the Early Childhood Care and Education (ECCE) Programme.","potentialAction":[{"@type":"SearchAction","target":{"@type":"EntryPoint","urlTemplate":"https:\/\/aim.gov.ie\/ga\/?s={search_term_string}"},"query-input":{"@type":"PropertyValueSpecification","valueRequired":true,"valueName":"search_term_string"}}],"inLanguage":"ga-IE"}]}},"_links":{"self":[{"href":"https:\/\/aim.gov.ie\/ga\/wp-json\/wp\/v2\/pages\/658","targetHints":{"allow":["GET"]}}],"collection":[{"href":"https:\/\/aim.gov.ie\/ga\/wp-json\/wp\/v2\/pages"}],"about":[{"href":"https:\/\/aim.gov.ie\/ga\/wp-json\/wp\/v2\/types\/page"}],"author":[{"embeddable":true,"href":"https:\/\/aim.gov.ie\/ga\/wp-json\/wp\/v2\/users\/4"}],"replies":[{"embeddable":true,"href":"https:\/\/aim.gov.ie\/ga\/wp-json\/wp\/v2\/comments?post=658"}],"version-history":[{"count":5,"href":"https:\/\/aim.gov.ie\/ga\/wp-json\/wp\/v2\/pages\/658\/revisions"}],"predecessor-version":[{"id":778,"href":"https:\/\/aim.gov.ie\/ga\/wp-json\/wp\/v2\/pages\/658\/revisions\/778"}],"wp:attachment":[{"href":"https:\/\/aim.gov.ie\/ga\/wp-json\/wp\/v2\/media?parent=658"}],"curies":[{"name":"wp","href":"https:\/\/api.w.org\/{rel}","templated":true}]}}