{"id":660,"date":"2021-04-15T16:17:57","date_gmt":"2021-04-15T15:17:57","guid":{"rendered":"https:\/\/aimdev.fusio.dev\/aim-supports\/"},"modified":"2021-05-31T09:21:42","modified_gmt":"2021-05-31T08:21:42","slug":"aim-supports","status":"publish","type":"page","link":"https:\/\/aim.gov.ie\/ga\/aim-supports\/","title":{"rendered":"Taca\u00edochta\u00ed AIM"},"content":{"rendered":"\r\n<!--#section-header\" -->\r\n<section class=\"section-contentpage bg-gradient-pink py-5\">\r\n\t<div class=\"container\">\r\n\t\t<div class=\"row pageheader\">\r\n\t\t\t<div class=\"col-12 col-lg-4 col-xl-3\">\r\n\t\t\t\t<h1 class=\"color-orange\">Taca\u00edochta\u00ed AIM<\/h1>\r\n\t\t\t<\/div>\r\n\t\t\t<div class=\"col-12 col-lg-8 col-xl-9\">\r\n\t\t\t\t<p>Sol\u00e1thra\u00edtear taca\u00edochta\u00ed AIM tr\u00ed chl\u00e1r ECCE. T\u00e1 na pr\u00edomhthaca\u00edochta\u00ed gr\u00fap\u00e1ilte i dtaca\u00edochta\u00ed uil\u00edocha n\u00f3 spriocdh\u00edrithe. T\u00e1 taca\u00edochta\u00ed uil\u00edocha deartha chun cult\u00far n\u00edos cuimsith\u00ed a chruth\u00fa i su\u00edomhanna Ch\u00faram agus Fhoghlaim na Luath-\u00d3ige, tr\u00ed ch\u00farsa\u00ed oili\u00fana agus c\u00e1il\u00edochta\u00ed don fhoireann a shol\u00e1thar. Sa ch\u00e1s nach leor taca\u00edochta\u00ed uil\u00edocha chun freastal ar riachtanais leanbh aonair, t\u00e1 taca\u00edochta\u00ed spriocdh\u00edrithe ar f\u00e1il lena chinnti\u00fa gur f\u00e9idir leis an leanbh p\u00e1irt l\u00e1nbhr\u00ed a ghlacadh sa r\u00e9amhscoil. Le cois na dtaca\u00edochta\u00ed spriocdh\u00edrithe agus uil\u00edocha, sol\u00e1thra\u00edonn AIM treoirl\u00ednte maidir le dearadh uil\u00edoch do shu\u00edomhanna Fhoghlaim agus Ch\u00faram na Luath-\u00d3ige agus acmhainn\u00ed S\u00fagartha Cuimsitheacha AIM.<\/p>\n\t\t\t<\/div>\r\n\t\t<\/div>\r\n\t<\/div>\r\n<\/section>\n\n\r\n<!--#section-contentpage\" -->\r\n<section class=\"section-contentpage bg-color-orange pt-5 pb-1\">\r\n\t<div class=\"container\">\r\n\t\t<div class=\"row\">\r\n\t\t\t<div class=\"col-12 mb-4 text-center\">\r\n\t\t\t\t<h2 class=\"color-white\">Taca\u00edochta\u00ed AIM<\/h2>\r\n\t\t\t<\/div>\r\n\t\t<\/div>\r\n\t\t<div class=\"row boxes\">\t\r\n\t\t\t\t\t\t\t\t\t<div class=\"col-12 col-md-6 mb-5\">\r\n\t\t\t\t\t\t\t<a href=\"\" class=\"w-100 d-table\">\r\n\t\t\t\t\t\t\t\t<img decoding=\"async\" class=\"w-100 img-fluid\" src=\"https:\/\/aim.gov.ie\/app\/uploads\/2021\/05\/graphic-targeted-supports.png\" alt=\"\" \/>\r\n\t\t\t\t\t\t\t\t<h3 class=\"color-white mt-3\">Taca\u00edochta\u00ed Spriocdh\u00edrithe<\/h3>\r\n\t\t\t\t\t\t\t\t<p class=\"color-black\">Freastala\u00edonn taca\u00edochta\u00ed spriocdh\u00edrithe AIM ar raon leathan cumas agus t\u00e1 siad d\u00edrithe ar riachtanais an linbh agus n\u00edl g\u00e1 le diagn\u00f3is de mh\u00edchumas. <\/p>\r\n\t\t\t\t\t\t\t<\/a>\r\n\t\t\t\t\t\t<\/div>\r\n\t\t\t\t\t\t\t\t\t\t\t<div class=\"col-12 col-md-6 mb-5\">\r\n\t\t\t\t\t\t\t<a href=\"\" class=\"w-100 d-table\">\r\n\t\t\t\t\t\t\t\t<img decoding=\"async\" class=\"w-100 img-fluid\" src=\"https:\/\/aim.gov.ie\/app\/uploads\/2021\/05\/graphic-universal-supports.png\" alt=\"\" \/>\r\n\t\t\t\t\t\t\t\t<h3 class=\"color-white mt-3\">Taca\u00edochta\u00ed Uil\u00edocha <\/h3>\r\n\t\t\t\t\t\t\t\t<p class=\"color-black\">T\u00e9ann taca\u00edochta\u00ed uil\u00edocha AIM chun tairbhe na timpeallachta r\u00e9amhscoile ar fad tr\u00ed chur ar chumas sol\u00e1thraithe r\u00e9amhscoile cult\u00far n\u00edos cuimsith\u00ed a chruth\u00fa ina su\u00edomhanna. <\/p>\r\n\t\t\t\t\t\t\t<\/a>\r\n\t\t\t\t\t\t<\/div>\r\n\t\t\t\t\t\t\t\t\t\t\t<div class=\"col-12 col-md-6 mb-5\">\r\n\t\t\t\t\t\t\t<a href=\"\" class=\"w-100 d-table\">\r\n\t\t\t\t\t\t\t\t<img decoding=\"async\" class=\"w-100 img-fluid\" src=\"https:\/\/aim.gov.ie\/app\/uploads\/2021\/05\/graphic-aim-policy-rules.png\" alt=\"\" \/>\r\n\t\t\t\t\t\t\t\t<h3 class=\"color-white mt-3\">Beartas agus Rialacha AIM<\/h3>\r\n\t\t\t\t\t\t\t\t<p class=\"color-black\">Eolas maidir le beartas, rialacha cothrom le d\u00e1ta AIM, conas ar buna\u00edodh AIM agus athbhreithni\u00fa ar an gCl\u00e1r.<\/p>\r\n\t\t\t\t\t\t\t<\/a>\r\n\t\t\t\t\t\t<\/div>\r\n\t\t\t\t\t\t\t\t\t\t\t<div class=\"col-12 col-md-6 mb-5\">\r\n\t\t\t\t\t\t\t<a href=\"https:\/\/aim.gov.ie\/resources\/\" class=\"w-100 d-table\">\r\n\t\t\t\t\t\t\t\t<img decoding=\"async\" class=\"w-100 img-fluid\" src=\"https:\/\/aim.gov.ie\/app\/uploads\/2021\/05\/graphic-inclusive-play.png\" alt=\"\" \/>\r\n\t\t\t\t\t\t\t\t<h3 class=\"color-white mt-3\">S\u00fagradh Cuimsitheach AIM<\/h3>\r\n\t\t\t\t\t\t\t\t<p class=\"color-black\">Buna\u00edodh S\u00fagradh Cuimsitheach AIM in 2018 mar thacar acmhainn\u00ed s\u00fagartha c\u00e9adfacha agus oideachais chun tac\u00fa le cleachtas cuimsitheach laistigh de shu\u00edomhanna Fhoghlaim agus Ch\u00faram na Luath-\u00d3ige<\/p>\r\n\t\t\t\t\t\t\t<\/a>\r\n\t\t\t\t\t\t<\/div>\r\n\t\t\t\t\t\t\t\t\t\t\t<div class=\"col-12 col-md-6 mb-5\">\r\n\t\t\t\t\t\t\t<a href=\"\" class=\"w-100 d-table\">\r\n\t\t\t\t\t\t\t\t<img decoding=\"async\" class=\"w-100 img-fluid\" src=\"https:\/\/aim.gov.ie\/app\/uploads\/2021\/05\/graphic-universal-design-guidelines.png\" alt=\"\" \/>\r\n\t\t\t\t\t\t\t\t<h3 class=\"color-white mt-3\">Teoirl\u00ednta maidir le Dearadh Uil\u00edoch<\/h3>\r\n\t\t\t\t\t\t\t\t<p class=\"color-black\">Is \u00e9 Dearadh Uil\u00edoch n\u00e1 dearadh agus comhdh\u00e9anamh timpeallachta, ionas go mbeidh s\u00e9 inrochtana, intuigthe agus \u00fas\u00e1idte ag a mh\u00e9id is f\u00e9idir ag gach duine, beag beann ar a n-aois, m\u00e9id, cumas n\u00f3 m\u00edchumas.<\/p>\r\n\t\t\t\t\t\t\t<\/a>\r\n\t\t\t\t\t\t<\/div>\r\n\t\t\t\t\t\t\t\t\t\t\t<div class=\"col-12 col-md-6 mb-5\">\r\n\t\t\t\t\t\t\t<a href=\"\" class=\"w-100 d-table\">\r\n\t\t\t\t\t\t\t\t<img decoding=\"async\" class=\"w-100 img-fluid\" src=\"https:\/\/aim.gov.ie\/app\/uploads\/2021\/05\/graphics-further-reading.png\" alt=\"\" \/>\r\n\t\t\t\t\t\t\t\t<h3 class=\"color-white mt-3\">Tuilleadh L\u00e9itheoireachta<\/h3>\r\n\t\t\t\t\t\t\t\t<p class=\"color-black\">Faisn\u00e9is \u00fas\u00e1ideach ar fhoghlaim agus ar sh\u00fagradh is f\u00e9idir leat a dh\u00e9anamh le do leanbh sa bhaile ar n\u00f3s sc\u00e9alta a roinnt, oili\u00faint ch\u00e9adfach, cumars\u00e1id agus s\u00fagradh sa bhaile.\r\n\r\n<\/p>\r\n\t\t\t\t\t\t\t<\/a>\r\n\t\t\t\t\t\t<\/div>\r\n\t\t\t\t\t\t\t\t\t\t\t<div class=\"col-12 col-md-6 mb-5\">\r\n\t\t\t\t\t\t\t<a href=\"\" class=\"w-100 d-table\">\r\n\t\t\t\t\t\t\t\t<img decoding=\"async\" class=\"w-100 img-fluid\" src=\"https:\/\/aim.gov.ie\/app\/uploads\/2021\/05\/graphic-media-assets2.png\" alt=\"\" \/>\r\n\t\t\t\t\t\t\t\t<h3 class=\"color-white mt-3\">AIM Media Assets<\/h3>\r\n\t\t\t\t\t\t\t\t<p class=\"color-black\">This section of our website should provide you with everything you need when writing about AIM, this will include; logos, infographics, guidelines and other items to help you communicate AIM effectively.<\/p>\r\n\t\t\t\t\t\t\t<\/a>\r\n\t\t\t\t\t\t<\/div>\r\n\t\t\t\t\t\t\t\t\t\t\t\t\r\n\t\t<\/div>\r\n\t<\/div>\r\n<\/section>\r\n","protected":false},"excerpt":{"rendered":"","protected":false},"author":2,"featured_media":0,"parent":0,"menu_order":3,"comment_status":"closed","ping_status":"closed","template":"","meta":{"_acf_changed":false,"footnotes":""},"class_list":["post-660","page","type-page","status-publish","hentry"],"acf":[],"yoast_head":"<!-- This site is optimized with the Yoast SEO plugin v26.4 - https:\/\/yoast.com\/wordpress\/plugins\/seo\/ -->\n<title>Taca\u00edochta\u00ed AIM - Access and Inclusion Model<\/title>\n<meta name=\"robots\" content=\"index, follow, max-snippet:-1, max-image-preview:large, max-video-preview:-1\" \/>\n<link rel=\"canonical\" href=\"https:\/\/aim.gov.ie\/ga\/aim-supports\/\" \/>\n<meta property=\"og:locale\" content=\"ga_IE\" \/>\n<meta property=\"og:type\" content=\"article\" \/>\n<meta property=\"og:title\" content=\"Taca\u00edochta\u00ed AIM - Access and Inclusion Model\" \/>\n<meta property=\"og:url\" content=\"https:\/\/aim.gov.ie\/ga\/aim-supports\/\" \/>\n<meta property=\"og:site_name\" content=\"Access and Inclusion Model\" \/>\n<meta property=\"article:modified_time\" content=\"2021-05-31T08:21:42+00:00\" \/>\n<meta name=\"twitter:card\" content=\"summary_large_image\" \/>\n<script type=\"application\/ld+json\" class=\"yoast-schema-graph\">{\"@context\":\"https:\/\/schema.org\",\"@graph\":[{\"@type\":\"WebPage\",\"@id\":\"https:\/\/aim.gov.ie\/ga\/aim-supports\/\",\"url\":\"https:\/\/aim.gov.ie\/ga\/aim-supports\/\",\"name\":\"Taca\u00edochta\u00ed AIM - Access and Inclusion Model\",\"isPartOf\":{\"@id\":\"https:\/\/aim.gov.ie\/ga\/#website\"},\"datePublished\":\"2021-04-15T15:17:57+00:00\",\"dateModified\":\"2021-05-31T08:21:42+00:00\",\"breadcrumb\":{\"@id\":\"https:\/\/aim.gov.ie\/ga\/aim-supports\/#breadcrumb\"},\"inLanguage\":\"ga-IE\",\"potentialAction\":[{\"@type\":\"ReadAction\",\"target\":[\"https:\/\/aim.gov.ie\/ga\/aim-supports\/\"]}]},{\"@type\":\"BreadcrumbList\",\"@id\":\"https:\/\/aim.gov.ie\/ga\/aim-supports\/#breadcrumb\",\"itemListElement\":[{\"@type\":\"ListItem\",\"position\":1,\"name\":\"Home\",\"item\":\"https:\/\/aim.gov.ie\/ga\/\"},{\"@type\":\"ListItem\",\"position\":2,\"name\":\"Taca\u00edochta\u00ed AIM\"}]},{\"@type\":\"WebSite\",\"@id\":\"https:\/\/aim.gov.ie\/ga\/#website\",\"url\":\"https:\/\/aim.gov.ie\/ga\/\",\"name\":\"Access and Inclusion Model\",\"description\":\"The Access and Inclusion Model (AIM) is a model of supports designed to ensure that children with disabilities can access the Early Childhood Care and Education (ECCE) Programme.\",\"potentialAction\":[{\"@type\":\"SearchAction\",\"target\":{\"@type\":\"EntryPoint\",\"urlTemplate\":\"https:\/\/aim.gov.ie\/ga\/?s={search_term_string}\"},\"query-input\":{\"@type\":\"PropertyValueSpecification\",\"valueRequired\":true,\"valueName\":\"search_term_string\"}}],\"inLanguage\":\"ga-IE\"}]}<\/script>\n<!-- \/ Yoast SEO plugin. -->","yoast_head_json":{"title":"Taca\u00edochta\u00ed AIM - Access and Inclusion Model","robots":{"index":"index","follow":"follow","max-snippet":"max-snippet:-1","max-image-preview":"max-image-preview:large","max-video-preview":"max-video-preview:-1"},"canonical":"https:\/\/aim.gov.ie\/ga\/aim-supports\/","og_locale":"ga_IE","og_type":"article","og_title":"Taca\u00edochta\u00ed AIM - Access and Inclusion Model","og_url":"https:\/\/aim.gov.ie\/ga\/aim-supports\/","og_site_name":"Access and Inclusion Model","article_modified_time":"2021-05-31T08:21:42+00:00","twitter_card":"summary_large_image","schema":{"@context":"https:\/\/schema.org","@graph":[{"@type":"WebPage","@id":"https:\/\/aim.gov.ie\/ga\/aim-supports\/","url":"https:\/\/aim.gov.ie\/ga\/aim-supports\/","name":"Taca\u00edochta\u00ed AIM - Access and Inclusion Model","isPartOf":{"@id":"https:\/\/aim.gov.ie\/ga\/#website"},"datePublished":"2021-04-15T15:17:57+00:00","dateModified":"2021-05-31T08:21:42+00:00","breadcrumb":{"@id":"https:\/\/aim.gov.ie\/ga\/aim-supports\/#breadcrumb"},"inLanguage":"ga-IE","potentialAction":[{"@type":"ReadAction","target":["https:\/\/aim.gov.ie\/ga\/aim-supports\/"]}]},{"@type":"BreadcrumbList","@id":"https:\/\/aim.gov.ie\/ga\/aim-supports\/#breadcrumb","itemListElement":[{"@type":"ListItem","position":1,"name":"Home","item":"https:\/\/aim.gov.ie\/ga\/"},{"@type":"ListItem","position":2,"name":"Taca\u00edochta\u00ed AIM"}]},{"@type":"WebSite","@id":"https:\/\/aim.gov.ie\/ga\/#website","url":"https:\/\/aim.gov.ie\/ga\/","name":"Access and Inclusion Model","description":"The Access and Inclusion Model (AIM) is a model of supports designed to ensure that children with disabilities can access the Early Childhood Care and Education (ECCE) Programme.","potentialAction":[{"@type":"SearchAction","target":{"@type":"EntryPoint","urlTemplate":"https:\/\/aim.gov.ie\/ga\/?s={search_term_string}"},"query-input":{"@type":"PropertyValueSpecification","valueRequired":true,"valueName":"search_term_string"}}],"inLanguage":"ga-IE"}]}},"_links":{"self":[{"href":"https:\/\/aim.gov.ie\/ga\/wp-json\/wp\/v2\/pages\/660","targetHints":{"allow":["GET"]}}],"collection":[{"href":"https:\/\/aim.gov.ie\/ga\/wp-json\/wp\/v2\/pages"}],"about":[{"href":"https:\/\/aim.gov.ie\/ga\/wp-json\/wp\/v2\/types\/page"}],"author":[{"embeddable":true,"href":"https:\/\/aim.gov.ie\/ga\/wp-json\/wp\/v2\/users\/2"}],"replies":[{"embeddable":true,"href":"https:\/\/aim.gov.ie\/ga\/wp-json\/wp\/v2\/comments?post=660"}],"version-history":[{"count":7,"href":"https:\/\/aim.gov.ie\/ga\/wp-json\/wp\/v2\/pages\/660\/revisions"}],"predecessor-version":[{"id":808,"href":"https:\/\/aim.gov.ie\/ga\/wp-json\/wp\/v2\/pages\/660\/revisions\/808"}],"wp:attachment":[{"href":"https:\/\/aim.gov.ie\/ga\/wp-json\/wp\/v2\/media?parent=660"}],"curies":[{"name":"wp","href":"https:\/\/api.w.org\/{rel}","templated":true}]}}