{"id":663,"date":"2021-05-06T21:22:26","date_gmt":"2021-05-06T20:22:26","guid":{"rendered":"https:\/\/aimdev.fusio.dev\/how-to-apply\/apply-for-universal-supports\/"},"modified":"2021-05-28T15:00:55","modified_gmt":"2021-05-28T14:00:55","slug":"apply-for-universal-supports","status":"publish","type":"page","link":"https:\/\/aim.gov.ie\/ga\/how-to-apply\/apply-for-universal-supports\/","title":{"rendered":"Conas Iarratas a dh\u00e9anamh ar Thaca\u00edochta\u00ed Uil\u00edocha"},"content":{"rendered":"<!--#section_open\" -->\r\n<section id=\"section_open-block_6093d21a1adcc\" class=\"section-contentpage py-5 section_open\">\r\n\t<div class=\"container\">\r\n<!--#section_open\" -->\r\n\t\t\n\n\n<h1 class=\"wp-block-heading\"><strong>Conas Iarratas a dh\u00e9anamh ar Thaca\u00edochta\u00ed Uil\u00edocha<\/strong><\/h1>\n\n\n\n<p>Is \u00e9ard at\u00e1 i gceist le taca\u00edochta\u00ed Uil\u00edocha AIM (leibh\u00e9al 1-3) n\u00e1 taca\u00edochta\u00ed do chleacht\u00f3ir\u00ed a chuireann ar a gcumas timpeallacht n\u00edos cuimsith\u00ed a chruth\u00fa ina r\u00e9amhscoil, agus t\u00e1 tuilleadh faisn\u00e9ise maidir leis seo le f\u00e1il ar leathanach \u00e1r dTaca\u00edochta\u00ed Uil\u00edocha. Lean ar aghaidh ag l\u00e9amh m\u00e1s sp\u00e9is leat eolas maidir le conas iarratas a dh\u00e9anamh ar na taca\u00edochta\u00ed seo.<\/p>\n\n\n\n<h2 class=\"wp-block-heading\">Leibh\u00e9al 1<\/h2>\n\n\n\n<h3 class=\"wp-block-heading\">Oili\u00faint an Chomhordaitheora Chuimsithe<\/h3>\n\n\n\n<p>Is c\u00e1il\u00edocht leibh\u00e9al 6 \u00e9 An Cl\u00e1r Ceannaireachta um Chuimsi\u00fa sna Luathbhlianta (LINC), c\u00e1il\u00edocht nach bhfuil \u00e1 bronnadh ach ag Col\u00e1iste Mhuire Gan Sm\u00e1l. Cuireann an ch\u00e1il\u00edocht seo ar chumas comhalta\u00ed foirne r\u00e9amhscoile feidhmi\u00fa mar chomhordaitheoir um chuimsi\u00fa i su\u00edomh r\u00e9amhscoile. T\u00e1 tuilleadh faisn\u00e9ise le f\u00e1il ar \u00a0<a href=\"http:\/\/www.lincprogramme.ie\/\"><strong>www.lincprogramme.ie<\/strong><\/a> agus is f\u00e9idir iarratas a dh\u00e9anamh ar an su\u00edomh gr\u00e9as\u00e1in seo freisin. <\/p>\n\n\n\n<h3 class=\"wp-block-heading\">Caipit\u00edocht N\u00edos Airde Chomhordaitheoir um Chuimsi\u00fa<\/h3>\n\n\n\n<p>T\u00e1 r\u00e9amhscoileanna a bhfuil Comhordaitheoir um Chuimsi\u00fa fostaithe acu inch\u00e1ilithe le haghaidh m\u00e9ad\u00fa \u20ac2 do gach leanbh sa tseachtain i gcaipit\u00edocht ECCE. Is f\u00e9idir le sol\u00e1thraithe inch\u00e1ilithe a fhosta\u00edonn Comhordaitheoir um Chuimsi\u00fa c\u00e1ilithe iarratas a dh\u00e9anamh ar chaipit\u00edocht mh\u00e9adaithe tr\u00ed fhoirm iarratais INCO a chomhl\u00e1n\u00fa ar an Ard\u00e1n Forfheidhmithe Cl\u00e1r (Programmes Implementation Platform, PIP).<\/p>\n\n\n\n<h2 class=\"wp-block-heading\">Leibh\u00e9al 3<\/h2>\n\n\n\n<h3 class=\"wp-block-heading\">Forbairt Ghairmi\u00fail Lean\u00fanach<\/h3>\n\n\n\n<p>F\u00f3gr\u00f3far cl\u00e1ir oili\u00fana n\u00e1isi\u00fanta a bhaineann leis na Treoirl\u00ednte um \u00c9ags\u00falacht, Comhionannas agus Cuimsi\u00fa, agus a bhaineann le m\u00edchumas agus cuimsi\u00fa go ginear\u00e1lta, ar <a href=\"https:\/\/www.myccc.ie\/\">shu\u00edomhanna gr\u00e9as\u00e1in na gCoist\u00edContae agus Cathrach i gC\u00faram Leana\u00ed anseo<\/a>. Is f\u00e9idir le sol\u00e1thraithe agus cleacht\u00f3ir\u00ed r\u00e9amhscoile iarratas a dh\u00e9anamh ar \u00e1iteanna ar na cl\u00e1ir oili\u00fana seo tr\u00edna gCoiste Coist\u00ed Contae agus Cathrach i gC\u00faram Leana\u00ed \u00e1iti\u00fail <a href=\"https:\/\/www.myccc.ie\/\">myccc.ie<\/a><\/p>\n\n\n\n<p>Chomh maith leis sin, t\u00e1 gn\u00edomha\u00edochta\u00ed oili\u00fana le f\u00e1il ar an su\u00edomh \u201cacmhainn\u00ed do chleacht\u00f3ir\u00ed\u201d ar shu\u00edomh gr\u00e9as\u00e1in Na Ch\u00e9ad 5 an rialtais; clice\u00e1il anseo m\u00e1 theasta\u00edonn tuilleadh faisn\u00e9ise uait: <a href=\"https:\/\/first5.gov.ie\/practitioners\/continuing-professional-development\">https:\/\/first5.gov.ie\/practitioners\/continuing-professional-development<\/a><\/p>\n\n\n<!--#section_close\" -->\r\n\t<\/div>\r\n<\/section>\r\n<!--#section_close\" -->","protected":false},"excerpt":{"rendered":"<p>Conas Iarratas a dh\u00e9anamh ar Thaca\u00edochta\u00ed Uil\u00edocha Is \u00e9ard at\u00e1 i gceist le taca\u00edochta\u00ed Uil\u00edocha AIM (leibh\u00e9al 1-3) n\u00e1 taca\u00edochta\u00ed do chleacht\u00f3ir\u00ed a chuireann ar a gcumas timpeallacht n\u00edos cuimsith\u00ed a chruth\u00fa ina r\u00e9amhscoil, agus t\u00e1 tuilleadh faisn\u00e9ise maidir leis seo le f\u00e1il ar leathanach \u00e1r dTaca\u00edochta\u00ed Uil\u00edocha. Lean ar aghaidh ag l\u00e9amh m\u00e1s sp\u00e9is<\/p>\n","protected":false},"author":4,"featured_media":0,"parent":659,"menu_order":2,"comment_status":"closed","ping_status":"closed","template":"","meta":{"_acf_changed":false,"footnotes":""},"class_list":["post-663","page","type-page","status-publish","hentry"],"acf":[],"yoast_head":"<!-- This site is optimized with the Yoast SEO plugin v26.4 - https:\/\/yoast.com\/wordpress\/plugins\/seo\/ -->\n<title>Conas Iarratas a dh\u00e9anamh ar Thaca\u00edochta\u00ed Uil\u00edocha - Access and Inclusion Model<\/title>\n<meta name=\"robots\" content=\"index, follow, max-snippet:-1, max-image-preview:large, max-video-preview:-1\" \/>\n<link rel=\"canonical\" href=\"https:\/\/aim.gov.ie\/ga\/how-to-apply\/apply-for-universal-supports\/\" \/>\n<meta property=\"og:locale\" content=\"ga_IE\" \/>\n<meta property=\"og:type\" content=\"article\" \/>\n<meta property=\"og:title\" content=\"Conas Iarratas a dh\u00e9anamh ar Thaca\u00edochta\u00ed Uil\u00edocha - Access and Inclusion Model\" \/>\n<meta property=\"og:description\" content=\"Conas Iarratas a dh\u00e9anamh ar Thaca\u00edochta\u00ed Uil\u00edocha Is \u00e9ard at\u00e1 i gceist le taca\u00edochta\u00ed Uil\u00edocha AIM (leibh\u00e9al 1-3) n\u00e1 taca\u00edochta\u00ed do chleacht\u00f3ir\u00ed a chuireann ar a gcumas timpeallacht n\u00edos cuimsith\u00ed a chruth\u00fa ina r\u00e9amhscoil, agus t\u00e1 tuilleadh faisn\u00e9ise maidir leis seo le f\u00e1il ar leathanach \u00e1r dTaca\u00edochta\u00ed Uil\u00edocha. Lean ar aghaidh ag l\u00e9amh m\u00e1s sp\u00e9is\" \/>\n<meta property=\"og:url\" content=\"https:\/\/aim.gov.ie\/ga\/how-to-apply\/apply-for-universal-supports\/\" \/>\n<meta property=\"og:site_name\" content=\"Access and Inclusion Model\" \/>\n<meta property=\"article:modified_time\" content=\"2021-05-28T14:00:55+00:00\" \/>\n<meta name=\"twitter:card\" content=\"summary_large_image\" \/>\n<meta name=\"twitter:label1\" content=\"Est. reading time\" \/>\n\t<meta name=\"twitter:data1\" content=\"2 minutes\" \/>\n<script type=\"application\/ld+json\" class=\"yoast-schema-graph\">{\"@context\":\"https:\/\/schema.org\",\"@graph\":[{\"@type\":\"WebPage\",\"@id\":\"https:\/\/aim.gov.ie\/ga\/how-to-apply\/apply-for-universal-supports\/\",\"url\":\"https:\/\/aim.gov.ie\/ga\/how-to-apply\/apply-for-universal-supports\/\",\"name\":\"Conas Iarratas a dh\u00e9anamh ar Thaca\u00edochta\u00ed Uil\u00edocha - Access and Inclusion Model\",\"isPartOf\":{\"@id\":\"https:\/\/aim.gov.ie\/ga\/#website\"},\"datePublished\":\"2021-05-06T20:22:26+00:00\",\"dateModified\":\"2021-05-28T14:00:55+00:00\",\"breadcrumb\":{\"@id\":\"https:\/\/aim.gov.ie\/ga\/how-to-apply\/apply-for-universal-supports\/#breadcrumb\"},\"inLanguage\":\"ga-IE\",\"potentialAction\":[{\"@type\":\"ReadAction\",\"target\":[\"https:\/\/aim.gov.ie\/ga\/how-to-apply\/apply-for-universal-supports\/\"]}]},{\"@type\":\"BreadcrumbList\",\"@id\":\"https:\/\/aim.gov.ie\/ga\/how-to-apply\/apply-for-universal-supports\/#breadcrumb\",\"itemListElement\":[{\"@type\":\"ListItem\",\"position\":1,\"name\":\"Home\",\"item\":\"https:\/\/aim.gov.ie\/ga\/\"},{\"@type\":\"ListItem\",\"position\":2,\"name\":\"Conas Iarratas a dh\u00e9anamh\",\"item\":\"https:\/\/aim.gov.ie\/ga\/how-to-apply\/\"},{\"@type\":\"ListItem\",\"position\":3,\"name\":\"Conas Iarratas a dh\u00e9anamh ar Thaca\u00edochta\u00ed Uil\u00edocha\"}]},{\"@type\":\"WebSite\",\"@id\":\"https:\/\/aim.gov.ie\/ga\/#website\",\"url\":\"https:\/\/aim.gov.ie\/ga\/\",\"name\":\"Access and Inclusion Model\",\"description\":\"The Access and Inclusion Model (AIM) is a model of supports designed to ensure that children with disabilities can access the Early Childhood Care and Education (ECCE) Programme.\",\"potentialAction\":[{\"@type\":\"SearchAction\",\"target\":{\"@type\":\"EntryPoint\",\"urlTemplate\":\"https:\/\/aim.gov.ie\/ga\/?s={search_term_string}\"},\"query-input\":{\"@type\":\"PropertyValueSpecification\",\"valueRequired\":true,\"valueName\":\"search_term_string\"}}],\"inLanguage\":\"ga-IE\"}]}<\/script>\n<!-- \/ Yoast SEO plugin. -->","yoast_head_json":{"title":"Conas Iarratas a dh\u00e9anamh ar Thaca\u00edochta\u00ed Uil\u00edocha - Access and Inclusion Model","robots":{"index":"index","follow":"follow","max-snippet":"max-snippet:-1","max-image-preview":"max-image-preview:large","max-video-preview":"max-video-preview:-1"},"canonical":"https:\/\/aim.gov.ie\/ga\/how-to-apply\/apply-for-universal-supports\/","og_locale":"ga_IE","og_type":"article","og_title":"Conas Iarratas a dh\u00e9anamh ar Thaca\u00edochta\u00ed Uil\u00edocha - Access and Inclusion Model","og_description":"Conas Iarratas a dh\u00e9anamh ar Thaca\u00edochta\u00ed Uil\u00edocha Is \u00e9ard at\u00e1 i gceist le taca\u00edochta\u00ed Uil\u00edocha AIM (leibh\u00e9al 1-3) n\u00e1 taca\u00edochta\u00ed do chleacht\u00f3ir\u00ed a chuireann ar a gcumas timpeallacht n\u00edos cuimsith\u00ed a chruth\u00fa ina r\u00e9amhscoil, agus t\u00e1 tuilleadh faisn\u00e9ise maidir leis seo le f\u00e1il ar leathanach \u00e1r dTaca\u00edochta\u00ed Uil\u00edocha. Lean ar aghaidh ag l\u00e9amh m\u00e1s sp\u00e9is","og_url":"https:\/\/aim.gov.ie\/ga\/how-to-apply\/apply-for-universal-supports\/","og_site_name":"Access and Inclusion Model","article_modified_time":"2021-05-28T14:00:55+00:00","twitter_card":"summary_large_image","twitter_misc":{"Est. reading time":"2 minutes"},"schema":{"@context":"https:\/\/schema.org","@graph":[{"@type":"WebPage","@id":"https:\/\/aim.gov.ie\/ga\/how-to-apply\/apply-for-universal-supports\/","url":"https:\/\/aim.gov.ie\/ga\/how-to-apply\/apply-for-universal-supports\/","name":"Conas Iarratas a dh\u00e9anamh ar Thaca\u00edochta\u00ed Uil\u00edocha - Access and Inclusion Model","isPartOf":{"@id":"https:\/\/aim.gov.ie\/ga\/#website"},"datePublished":"2021-05-06T20:22:26+00:00","dateModified":"2021-05-28T14:00:55+00:00","breadcrumb":{"@id":"https:\/\/aim.gov.ie\/ga\/how-to-apply\/apply-for-universal-supports\/#breadcrumb"},"inLanguage":"ga-IE","potentialAction":[{"@type":"ReadAction","target":["https:\/\/aim.gov.ie\/ga\/how-to-apply\/apply-for-universal-supports\/"]}]},{"@type":"BreadcrumbList","@id":"https:\/\/aim.gov.ie\/ga\/how-to-apply\/apply-for-universal-supports\/#breadcrumb","itemListElement":[{"@type":"ListItem","position":1,"name":"Home","item":"https:\/\/aim.gov.ie\/ga\/"},{"@type":"ListItem","position":2,"name":"Conas Iarratas a dh\u00e9anamh","item":"https:\/\/aim.gov.ie\/ga\/how-to-apply\/"},{"@type":"ListItem","position":3,"name":"Conas Iarratas a dh\u00e9anamh ar Thaca\u00edochta\u00ed Uil\u00edocha"}]},{"@type":"WebSite","@id":"https:\/\/aim.gov.ie\/ga\/#website","url":"https:\/\/aim.gov.ie\/ga\/","name":"Access and Inclusion Model","description":"The Access and Inclusion Model (AIM) is a model of supports designed to ensure that children with disabilities can access the Early Childhood Care and Education (ECCE) Programme.","potentialAction":[{"@type":"SearchAction","target":{"@type":"EntryPoint","urlTemplate":"https:\/\/aim.gov.ie\/ga\/?s={search_term_string}"},"query-input":{"@type":"PropertyValueSpecification","valueRequired":true,"valueName":"search_term_string"}}],"inLanguage":"ga-IE"}]}},"_links":{"self":[{"href":"https:\/\/aim.gov.ie\/ga\/wp-json\/wp\/v2\/pages\/663","targetHints":{"allow":["GET"]}}],"collection":[{"href":"https:\/\/aim.gov.ie\/ga\/wp-json\/wp\/v2\/pages"}],"about":[{"href":"https:\/\/aim.gov.ie\/ga\/wp-json\/wp\/v2\/types\/page"}],"author":[{"embeddable":true,"href":"https:\/\/aim.gov.ie\/ga\/wp-json\/wp\/v2\/users\/4"}],"replies":[{"embeddable":true,"href":"https:\/\/aim.gov.ie\/ga\/wp-json\/wp\/v2\/comments?post=663"}],"version-history":[{"count":1,"href":"https:\/\/aim.gov.ie\/ga\/wp-json\/wp\/v2\/pages\/663\/revisions"}],"predecessor-version":[{"id":793,"href":"https:\/\/aim.gov.ie\/ga\/wp-json\/wp\/v2\/pages\/663\/revisions\/793"}],"up":[{"embeddable":true,"href":"https:\/\/aim.gov.ie\/ga\/wp-json\/wp\/v2\/pages\/659"}],"wp:attachment":[{"href":"https:\/\/aim.gov.ie\/ga\/wp-json\/wp\/v2\/media?parent=663"}],"curies":[{"name":"wp","href":"https:\/\/api.w.org\/{rel}","templated":true}]}}