{"id":664,"date":"2021-05-06T21:18:31","date_gmt":"2021-05-06T20:18:31","guid":{"rendered":"https:\/\/aimdev.fusio.dev\/how-to-apply\/apply-for-targeted-supports\/"},"modified":"2021-05-28T14:52:40","modified_gmt":"2021-05-28T13:52:40","slug":"apply-for-targeted-supports","status":"publish","type":"page","link":"https:\/\/aim.gov.ie\/ga\/how-to-apply\/apply-for-targeted-supports\/","title":{"rendered":"Conas Iarratas a dh\u00e9anamh ar Thaca\u00edochta\u00ed Spriocdh\u00edrithe"},"content":{"rendered":"<!--#section_open\" -->\r\n<section id=\"section_open-block_6093d21a1adcc\" class=\"section-contentpage py-5 section_open\">\r\n\t<div class=\"container\">\r\n<!--#section_open\" -->\r\n\t\t\n\n\n<h1 class=\"wp-block-heading\"><strong>Conas Iarratas a dh\u00e9anamh ar Thaca\u00edochta\u00ed Spriocdh\u00edrithe<\/strong><\/h1>\n\n\n\n<p><\/p>\n\n\n\n<p>T\u00e1 an pr\u00f3iseas a bhaineann le hiarratas a dh\u00e9anamh ar thaca\u00edochta\u00ed spriocdh\u00edrithe AIM simpl\u00ed, t\u00e1 an pr\u00f3iseas iarratais m\u00f3r\u00e1n mar an gc\u00e9anna is cuma faoin gcine\u00e1l taca\u00edochta a bhfuil iarratas \u00e1 dh\u00e9anamh uirthi. An sol\u00e1thra\u00ed r\u00e9amhscoile a dh\u00e9anann iarratais ar thaca\u00edochta\u00ed spriocdh\u00edrithe i gcomhar leis an tuismitheoir. Ba cheart go mbeadh formh\u00f3r na sol\u00e1thraithe r\u00e9amhscoile eolach ar phr\u00f3iseas iarratais AIM agus ba cheart go mbeid\u00eds in ann cabhr\u00fa le tuismitheoir\u00ed leis an iarratas. <\/p>\n\n\n\n<p>M\u00e1 theasta\u00edonn cabhair uait chun r\u00e9amhscoil a aimsi\u00fa, n\u00f3 iarratas a dh\u00e9anamh ar thaca\u00edochta\u00ed spriocdh\u00edrithe AIM is f\u00e9idir leat teagmh\u00e1il a dh\u00e9anamh le Seirbh\u00eds Speisialt\u00f3ra Luathbhlianta Better Start n\u00f3 le do CCC \u00e1iti\u00fail, at\u00e1 le f\u00e1il ag\u00a0<a href=\"http:\/\/myccc.ie\/\">myccc.ie.<\/a><\/p>\n\n\n\n<h2 class=\"wp-block-heading\"><strong>Inch\u00e1ilitheacht<\/strong><\/h2>\n\n\n\n<p>Is f\u00e9idir iarratas a dh\u00e9anamh ar thaca\u00edochta\u00ed spriocdh\u00edrithe AIM m\u00e1 t\u00e1 an leanbh agus an r\u00e9amhscoil cl\u00e1raithe mar chuid de Chl\u00e1r ECCE (C\u00faram agus Oideachas na Luath-\u00d3ige).<\/p>\n\n\n\n<p>*I gc\u00e1sanna \u00e1irithe, is f\u00e9idir le leana\u00ed nach bhfuil p\u00e1irteach i gcl\u00e1r ECCE tairbhe a bhaint as taca\u00edochta\u00ed spriocdh\u00edrithe.<\/p>\n\n\n\n<p>Tabhair faoi deara, nach bhfuil g\u00e1 le diagn\u00f3is fhoirmi\u00fail de mh\u00edchumas chun taca\u00edochta\u00ed spriocdh\u00edrithe AIM a fh\u00e1il. F\u00e9ach ar rialacha ioml\u00e1na AIM i rann\u00f3g \u00a0<a href=\"https:\/\/aimnew.fusio.net\/policy\/\">Bheartas agus Rialacha AIM<\/a>\u00a0 m\u00e1 theasta\u00edonn tuilleadh faisn\u00e9ise uait.<\/p>\n\n\n\n<h2 class=\"wp-block-heading\"><strong>An Pr\u00f3iseas Iarratais<\/strong><\/h2>\n\n\n\n<p>Nuair a chuireann t\u00fa t\u00fas leis an bpr\u00f3iseas iarratais, n\u00ed m\u00f3r an fhoirm iarratais a l\u00e9amh go c\u00faramach agus a chinnti\u00fa go dtoil\u00edonn an tuismitheoir agus an sol\u00e1thra\u00ed d\u2019iarratas a dh\u00e9anamh ar thaca\u00edochta\u00ed AIM. Ba cheart duit do mhachnamh a dh\u00e9anamh ar na ceisteanna seo a leanas: c\u00e9ard iad na taca\u00edochta\u00ed at\u00e1 ag teast\u00e1il? an bhfuil an leanbh inch\u00e1ilithe chun taca\u00edocht AIM a fh\u00e1il?&nbsp; An bhfuil an leanbh ag bogadh \u00f3 r\u00e9amhscoil amh\u00e1in go r\u00e9amhscoil eile? n\u00f3 an bhfuil adhtaca\u00edochta\u00ed AIM \u00e1 bhf\u00e1il i l\u00e1thair na huaire?<\/p>\n\n\n\n<p>Nuair at\u00e1 an fhaisn\u00e9is ar fad bailithe, cuirfidh an sol\u00e1thra\u00ed foirm iarratais faoi bhr\u00e1id Pobal tr\u00edd an Early Years Hive Platform.<\/p>\n\n\n\n<p>M\u00e1 theasta\u00edonn comhairle uait maidir le taca\u00edochta\u00ed oiri\u00fanacha do leanbh n\u00f3 aon ch\u00e9im den phr\u00f3iseas iarratais, is f\u00e9idir cabhair a fh\u00e1il tr\u00ed ghlaoch ar Sheirbh\u00eds Speisialt\u00f3ra Luathbhlianta Better Start&nbsp; (EYSS): (01) 511 7222 (idir 8a.m. agus 6p.m. Luan go hAoine) n\u00f3 tr\u00ed r\u00edomhphost a sheoladh chuig: EYPC@pobal.ie. Is f\u00e9idir le sol\u00e1thra\u00ed r\u00e9amhscoile n\u00f3 tuismitheoir nach bhfuil iarratas d\u00e9anta aige ar AIM leibh\u00e9al 4 glaoch ar n\u00f3 r\u00edomhphost a sheoladh chuig EYSS chun glaoch teileaf\u00f3in a eagr\u00fa le Speisialt\u00f3ir Luathbhlianta i nd\u00e1il leis an bpr\u00f3iseas iarratais freisin. Is f\u00e9idir le EYSS comhairle a shol\u00e1thar maidir leis na taca\u00edochta\u00ed oiri\u00fanacha do leanbh, aistri\u00fa chuig an mbunscoil agus cabhr\u00fa le haon ch\u00e9im den phr\u00f3iseas iarratais ar thaca\u00edochta\u00ed spriocdh\u00edrithe.<\/p>\n\n\n\n<p>I ndiaidh iarratas a dh\u00e9anamh, athbhreithneoidh Pobal an t-iarratas agus cuirfear an toradh in i\u00fal don sol\u00e1thra\u00ed agus don tuismitheoir. F\u00e9adfaidh iarratas\u00f3ir\u00ed glacadh le, di\u00falt\u00fa do n\u00f3 tuilleadh faisn\u00e9ise a lorg maidir leis an iarratas. Is f\u00e9idir leis an tuismitheoir n\u00f3 an sol\u00e1thra\u00ed di\u00falt\u00fa a achomharc tr\u00edd an Early Years Hive freisin. Is f\u00e9idir gach ceist maidir leis an iarratas a chur faoi bhr\u00e1id Pobal \u2013 (<a href=\"mailto:onlinesupport@pobal.ie\">onlinesupport@pobal.ie<\/a> \/\u00a001 5117222).<\/p>\n\n\n\n<figure class=\"wp-block-image size-large\"><img loading=\"lazy\" decoding=\"async\" width=\"815\" height=\"704\" src=\"https:\/\/aim.gov.ie\/app\/uploads\/2021\/05\/Targeted-Supports-2.png\" alt=\"\" class=\"wp-image-703\" srcset=\"https:\/\/aim.gov.ie\/app\/uploads\/2021\/05\/Targeted-Supports-2.png 815w, https:\/\/aim.gov.ie\/app\/uploads\/2021\/05\/Targeted-Supports-2-300x259.png 300w, https:\/\/aim.gov.ie\/app\/uploads\/2021\/05\/Targeted-Supports-2-768x663.png 768w\" sizes=\"auto, (max-width: 815px) 100vw, 815px\" \/><\/figure>\n\n\n\n<h2 class=\"wp-block-heading\"><strong>Cathain Iarratas a Dh\u00e9anamh<\/strong><\/h2>\n\n\n\n<p>Ba cheart iarratais ar thaca\u00edochta\u00ed spriocdh\u00edrithe a dh\u00e9anamh i m\u00ed Bealtaine ionas go bhfuil gach rud eagraithe do th\u00fas na bliana r\u00e9amhscoile, ach is f\u00e9idir iarratas a dh\u00e9anamh am ar bith den bhliain.<\/p>\n\n\n\n<p>M\u00e1 bhogann leanbh at\u00e1 ag f\u00e1il taca\u00edochta\u00ed spriocdh\u00edrithe chuig r\u00e9amhscoil eile, n\u00ed m\u00f3r don sol\u00e1thra\u00ed r\u00e9amhscoile nua iarratas nua AIM a dh\u00e9anamh i dteannta le tuismitheoir\u00ed an linbh.<\/p>\n\n\n\n<p>M\u00e1 t\u00e1 leana\u00ed i seirbh\u00eds inch\u00e1ilithe chun tairbhe a bhaint as taca\u00edocht leibh\u00e9al 7 le haghaidh na dara bliana, ag filleadh ar an r\u00e9amhscoil ch\u00e9anna don dara bliain as a ch\u00e9ile, agus mura bhfuil aon athr\u00fa tagtha ar a nd\u00e1la\u00ed, n\u00ed m\u00f3r don su\u00edomh iarratas ar sh\u00edneadh don dara bliain a dh\u00e9anamh do gach leanbh inch\u00e1ilithe. Is f\u00e9idir an t-iarratas seo a dh\u00e9anamh tr\u00ed th\u00e1b AIM ar an Early Years Hive Platform.<\/p>\n\n\n<!--#section_close\" -->\r\n\t<\/div>\r\n<\/section>\r\n<!--#section_close\" -->\n\n\n<p><\/p>\n","protected":false},"excerpt":{"rendered":"<p>Conas Iarratas a dh\u00e9anamh ar Thaca\u00edochta\u00ed Spriocdh\u00edrithe T\u00e1 an pr\u00f3iseas a bhaineann le hiarratas a dh\u00e9anamh ar thaca\u00edochta\u00ed spriocdh\u00edrithe AIM simpl\u00ed, t\u00e1 an pr\u00f3iseas iarratais m\u00f3r\u00e1n mar an gc\u00e9anna is cuma faoin gcine\u00e1l taca\u00edochta a bhfuil iarratas \u00e1 dh\u00e9anamh uirthi. An sol\u00e1thra\u00ed r\u00e9amhscoile a dh\u00e9anann iarratais ar thaca\u00edochta\u00ed spriocdh\u00edrithe i gcomhar leis an tuismitheoir. Ba<\/p>\n","protected":false},"author":4,"featured_media":0,"parent":659,"menu_order":1,"comment_status":"closed","ping_status":"closed","template":"","meta":{"_acf_changed":false,"footnotes":""},"class_list":["post-664","page","type-page","status-publish","hentry"],"acf":[],"yoast_head":"<!-- This site is optimized with the Yoast SEO plugin v26.4 - https:\/\/yoast.com\/wordpress\/plugins\/seo\/ -->\n<title>Conas Iarratas a dh\u00e9anamh ar Thaca\u00edochta\u00ed Spriocdh\u00edrithe - Access and Inclusion Model<\/title>\n<meta name=\"robots\" content=\"index, follow, max-snippet:-1, max-image-preview:large, max-video-preview:-1\" \/>\n<link rel=\"canonical\" href=\"https:\/\/aim.gov.ie\/ga\/how-to-apply\/apply-for-targeted-supports\/\" \/>\n<meta property=\"og:locale\" content=\"ga_IE\" \/>\n<meta property=\"og:type\" content=\"article\" \/>\n<meta property=\"og:title\" content=\"Conas Iarratas a dh\u00e9anamh ar Thaca\u00edochta\u00ed Spriocdh\u00edrithe - Access and Inclusion Model\" \/>\n<meta property=\"og:description\" content=\"Conas Iarratas a dh\u00e9anamh ar Thaca\u00edochta\u00ed Spriocdh\u00edrithe T\u00e1 an pr\u00f3iseas a bhaineann le hiarratas a dh\u00e9anamh ar thaca\u00edochta\u00ed spriocdh\u00edrithe AIM simpl\u00ed, t\u00e1 an pr\u00f3iseas iarratais m\u00f3r\u00e1n mar an gc\u00e9anna is cuma faoin gcine\u00e1l taca\u00edochta a bhfuil iarratas \u00e1 dh\u00e9anamh uirthi. An sol\u00e1thra\u00ed r\u00e9amhscoile a dh\u00e9anann iarratais ar thaca\u00edochta\u00ed spriocdh\u00edrithe i gcomhar leis an tuismitheoir. Ba\" \/>\n<meta property=\"og:url\" content=\"https:\/\/aim.gov.ie\/ga\/how-to-apply\/apply-for-targeted-supports\/\" \/>\n<meta property=\"og:site_name\" content=\"Access and Inclusion Model\" \/>\n<meta property=\"article:modified_time\" content=\"2021-05-28T13:52:40+00:00\" \/>\n<meta property=\"og:image\" content=\"https:\/\/aim.gov.ie\/app\/uploads\/2021\/05\/Targeted-Supports-2.png\" \/>\n<meta name=\"twitter:card\" content=\"summary_large_image\" \/>\n<meta name=\"twitter:label1\" content=\"Est. reading time\" \/>\n\t<meta name=\"twitter:data1\" content=\"3 minutes\" \/>\n<script type=\"application\/ld+json\" class=\"yoast-schema-graph\">{\"@context\":\"https:\/\/schema.org\",\"@graph\":[{\"@type\":\"WebPage\",\"@id\":\"https:\/\/aim.gov.ie\/ga\/how-to-apply\/apply-for-targeted-supports\/\",\"url\":\"https:\/\/aim.gov.ie\/ga\/how-to-apply\/apply-for-targeted-supports\/\",\"name\":\"Conas Iarratas a dh\u00e9anamh ar Thaca\u00edochta\u00ed Spriocdh\u00edrithe - Access and Inclusion Model\",\"isPartOf\":{\"@id\":\"https:\/\/aim.gov.ie\/ga\/#website\"},\"primaryImageOfPage\":{\"@id\":\"https:\/\/aim.gov.ie\/ga\/how-to-apply\/apply-for-targeted-supports\/#primaryimage\"},\"image\":{\"@id\":\"https:\/\/aim.gov.ie\/ga\/how-to-apply\/apply-for-targeted-supports\/#primaryimage\"},\"thumbnailUrl\":\"https:\/\/aim.gov.ie\/app\/uploads\/2021\/05\/Targeted-Supports-2.png\",\"datePublished\":\"2021-05-06T20:18:31+00:00\",\"dateModified\":\"2021-05-28T13:52:40+00:00\",\"breadcrumb\":{\"@id\":\"https:\/\/aim.gov.ie\/ga\/how-to-apply\/apply-for-targeted-supports\/#breadcrumb\"},\"inLanguage\":\"ga-IE\",\"potentialAction\":[{\"@type\":\"ReadAction\",\"target\":[\"https:\/\/aim.gov.ie\/ga\/how-to-apply\/apply-for-targeted-supports\/\"]}]},{\"@type\":\"ImageObject\",\"inLanguage\":\"ga-IE\",\"@id\":\"https:\/\/aim.gov.ie\/ga\/how-to-apply\/apply-for-targeted-supports\/#primaryimage\",\"url\":\"https:\/\/aim.gov.ie\/app\/uploads\/2021\/05\/Targeted-Supports-2.png\",\"contentUrl\":\"https:\/\/aim.gov.ie\/app\/uploads\/2021\/05\/Targeted-Supports-2.png\"},{\"@type\":\"BreadcrumbList\",\"@id\":\"https:\/\/aim.gov.ie\/ga\/how-to-apply\/apply-for-targeted-supports\/#breadcrumb\",\"itemListElement\":[{\"@type\":\"ListItem\",\"position\":1,\"name\":\"Home\",\"item\":\"https:\/\/aim.gov.ie\/ga\/\"},{\"@type\":\"ListItem\",\"position\":2,\"name\":\"Conas Iarratas a dh\u00e9anamh\",\"item\":\"https:\/\/aim.gov.ie\/ga\/how-to-apply\/\"},{\"@type\":\"ListItem\",\"position\":3,\"name\":\"Conas Iarratas a dh\u00e9anamh ar Thaca\u00edochta\u00ed Spriocdh\u00edrithe\"}]},{\"@type\":\"WebSite\",\"@id\":\"https:\/\/aim.gov.ie\/ga\/#website\",\"url\":\"https:\/\/aim.gov.ie\/ga\/\",\"name\":\"Access and Inclusion Model\",\"description\":\"The Access and Inclusion Model (AIM) is a model of supports designed to ensure that children with disabilities can access the Early Childhood Care and Education (ECCE) Programme.\",\"potentialAction\":[{\"@type\":\"SearchAction\",\"target\":{\"@type\":\"EntryPoint\",\"urlTemplate\":\"https:\/\/aim.gov.ie\/ga\/?s={search_term_string}\"},\"query-input\":{\"@type\":\"PropertyValueSpecification\",\"valueRequired\":true,\"valueName\":\"search_term_string\"}}],\"inLanguage\":\"ga-IE\"}]}<\/script>\n<!-- \/ Yoast SEO plugin. -->","yoast_head_json":{"title":"Conas Iarratas a dh\u00e9anamh ar Thaca\u00edochta\u00ed Spriocdh\u00edrithe - Access and Inclusion Model","robots":{"index":"index","follow":"follow","max-snippet":"max-snippet:-1","max-image-preview":"max-image-preview:large","max-video-preview":"max-video-preview:-1"},"canonical":"https:\/\/aim.gov.ie\/ga\/how-to-apply\/apply-for-targeted-supports\/","og_locale":"ga_IE","og_type":"article","og_title":"Conas Iarratas a dh\u00e9anamh ar Thaca\u00edochta\u00ed Spriocdh\u00edrithe - Access and Inclusion Model","og_description":"Conas Iarratas a dh\u00e9anamh ar Thaca\u00edochta\u00ed Spriocdh\u00edrithe T\u00e1 an pr\u00f3iseas a bhaineann le hiarratas a dh\u00e9anamh ar thaca\u00edochta\u00ed spriocdh\u00edrithe AIM simpl\u00ed, t\u00e1 an pr\u00f3iseas iarratais m\u00f3r\u00e1n mar an gc\u00e9anna is cuma faoin gcine\u00e1l taca\u00edochta a bhfuil iarratas \u00e1 dh\u00e9anamh uirthi. An sol\u00e1thra\u00ed r\u00e9amhscoile a dh\u00e9anann iarratais ar thaca\u00edochta\u00ed spriocdh\u00edrithe i gcomhar leis an tuismitheoir. Ba","og_url":"https:\/\/aim.gov.ie\/ga\/how-to-apply\/apply-for-targeted-supports\/","og_site_name":"Access and Inclusion Model","article_modified_time":"2021-05-28T13:52:40+00:00","og_image":[{"url":"https:\/\/aim.gov.ie\/app\/uploads\/2021\/05\/Targeted-Supports-2.png","type":"","width":"","height":""}],"twitter_card":"summary_large_image","twitter_misc":{"Est. reading time":"3 minutes"},"schema":{"@context":"https:\/\/schema.org","@graph":[{"@type":"WebPage","@id":"https:\/\/aim.gov.ie\/ga\/how-to-apply\/apply-for-targeted-supports\/","url":"https:\/\/aim.gov.ie\/ga\/how-to-apply\/apply-for-targeted-supports\/","name":"Conas Iarratas a dh\u00e9anamh ar Thaca\u00edochta\u00ed Spriocdh\u00edrithe - Access and Inclusion Model","isPartOf":{"@id":"https:\/\/aim.gov.ie\/ga\/#website"},"primaryImageOfPage":{"@id":"https:\/\/aim.gov.ie\/ga\/how-to-apply\/apply-for-targeted-supports\/#primaryimage"},"image":{"@id":"https:\/\/aim.gov.ie\/ga\/how-to-apply\/apply-for-targeted-supports\/#primaryimage"},"thumbnailUrl":"https:\/\/aim.gov.ie\/app\/uploads\/2021\/05\/Targeted-Supports-2.png","datePublished":"2021-05-06T20:18:31+00:00","dateModified":"2021-05-28T13:52:40+00:00","breadcrumb":{"@id":"https:\/\/aim.gov.ie\/ga\/how-to-apply\/apply-for-targeted-supports\/#breadcrumb"},"inLanguage":"ga-IE","potentialAction":[{"@type":"ReadAction","target":["https:\/\/aim.gov.ie\/ga\/how-to-apply\/apply-for-targeted-supports\/"]}]},{"@type":"ImageObject","inLanguage":"ga-IE","@id":"https:\/\/aim.gov.ie\/ga\/how-to-apply\/apply-for-targeted-supports\/#primaryimage","url":"https:\/\/aim.gov.ie\/app\/uploads\/2021\/05\/Targeted-Supports-2.png","contentUrl":"https:\/\/aim.gov.ie\/app\/uploads\/2021\/05\/Targeted-Supports-2.png"},{"@type":"BreadcrumbList","@id":"https:\/\/aim.gov.ie\/ga\/how-to-apply\/apply-for-targeted-supports\/#breadcrumb","itemListElement":[{"@type":"ListItem","position":1,"name":"Home","item":"https:\/\/aim.gov.ie\/ga\/"},{"@type":"ListItem","position":2,"name":"Conas Iarratas a dh\u00e9anamh","item":"https:\/\/aim.gov.ie\/ga\/how-to-apply\/"},{"@type":"ListItem","position":3,"name":"Conas Iarratas a dh\u00e9anamh ar Thaca\u00edochta\u00ed Spriocdh\u00edrithe"}]},{"@type":"WebSite","@id":"https:\/\/aim.gov.ie\/ga\/#website","url":"https:\/\/aim.gov.ie\/ga\/","name":"Access and Inclusion Model","description":"The Access and Inclusion Model (AIM) is a model of supports designed to ensure that children with disabilities can access the Early Childhood Care and Education (ECCE) Programme.","potentialAction":[{"@type":"SearchAction","target":{"@type":"EntryPoint","urlTemplate":"https:\/\/aim.gov.ie\/ga\/?s={search_term_string}"},"query-input":{"@type":"PropertyValueSpecification","valueRequired":true,"valueName":"search_term_string"}}],"inLanguage":"ga-IE"}]}},"_links":{"self":[{"href":"https:\/\/aim.gov.ie\/ga\/wp-json\/wp\/v2\/pages\/664","targetHints":{"allow":["GET"]}}],"collection":[{"href":"https:\/\/aim.gov.ie\/ga\/wp-json\/wp\/v2\/pages"}],"about":[{"href":"https:\/\/aim.gov.ie\/ga\/wp-json\/wp\/v2\/types\/page"}],"author":[{"embeddable":true,"href":"https:\/\/aim.gov.ie\/ga\/wp-json\/wp\/v2\/users\/4"}],"replies":[{"embeddable":true,"href":"https:\/\/aim.gov.ie\/ga\/wp-json\/wp\/v2\/comments?post=664"}],"version-history":[{"count":5,"href":"https:\/\/aim.gov.ie\/ga\/wp-json\/wp\/v2\/pages\/664\/revisions"}],"predecessor-version":[{"id":791,"href":"https:\/\/aim.gov.ie\/ga\/wp-json\/wp\/v2\/pages\/664\/revisions\/791"}],"up":[{"embeddable":true,"href":"https:\/\/aim.gov.ie\/ga\/wp-json\/wp\/v2\/pages\/659"}],"wp:attachment":[{"href":"https:\/\/aim.gov.ie\/ga\/wp-json\/wp\/v2\/media?parent=664"}],"curies":[{"name":"wp","href":"https:\/\/api.w.org\/{rel}","templated":true}]}}