{"id":670,"date":"2021-05-06T12:00:21","date_gmt":"2021-05-06T11:00:21","guid":{"rendered":"https:\/\/aimdev.fusio.dev\/aim-supports\/aim-policy-and-rules\/"},"modified":"2021-10-28T08:41:31","modified_gmt":"2021-10-28T07:41:31","slug":"aim-policy-and-rules","status":"publish","type":"page","link":"https:\/\/aim.gov.ie\/ga\/aim-supports\/aim-policy-and-rules\/","title":{"rendered":"Beartas agus Rialacha AIM"},"content":{"rendered":"<!--#section_open\" -->\r\n<section id=\"section_open-block_6093d21a1adcc\" class=\"section-contentpage py-5 section_open\">\r\n\t<div class=\"container\">\r\n<!--#section_open\" -->\r\n\t\t\n\n\n<h1 class=\"wp-block-heading\"><strong>Beartas agus Rialacha AIM<\/strong><\/h1>\n\n\n\n<p>M\u00e1 t\u00e1 sp\u00e9is agat sa bheartas, rialacha cothrom le d\u00e1ta AIM, conas ar buna\u00edodh AIM n\u00f3 athbhreithni\u00fa ar an gCl\u00e1r, clice\u00e1il ar cheann de na doicim\u00e9id th\u00edos;<\/p>\n\n\n\n<p>Is oth linn nach bhfuil leaganacha Gaeilge de na hacmhainn\u00ed seo ar fail.<\/p>\n\n\n\n<ul class=\"wp-block-list\"><li><a href=\"https:\/\/aim.gov.ie\/wp-content\/uploads\/2020\/08\/aim_rules_2020_2021.pdf\" target=\"_blank\" rel=\"noreferrer noopener\">Rialacha AIM 2020\/2021 (PDF)<\/a><\/li><li><a href=\"https:\/\/aim.gov.ie\/app\/uploads\/2021\/05\/AIM-Policy.pdf\">Beartas AIM (PDF)<\/a><\/li><li><a href=\"https:\/\/aim.gov.ie\/app\/uploads\/2021\/05\/Inter-Departmental-Group-Report-launched-Nov-2015.pdf\">Seoladh Tuarasc\u00e1il an Ghr\u00fapa Idir-Rannaigh i m\u00ed na Samhna (PDF)<\/a> (D\u00e9antar cur s\u00edos sa doicim\u00e9ad seo ar an r\u00e9as\u00fana\u00edocht a bh\u00ed mar bhonn le t\u00fas a chur le AIM agus \u00e1r dtreoirphrionsabail.)<\/li><li><a href=\"https:\/\/aim.gov.ie\/app\/uploads\/2021\/05\/AIM-end-of-year-one-review.pdf\">Athbhreithni\u00fa Dheireadh Bhliain a hAon(PDF)<\/a> (D\u00e9antar cur s\u00edos sa doicim\u00e9ad seo ar athbhreithni\u00fa fairsing ar chl\u00e1r AIM i ndiaidh na ch\u00e9ad bliana agus \u00e1r bpleananna don todhcha\u00ed.)<\/li><\/ul>\n\n\n<!--#section_close\" -->\r\n\t<\/div>\r\n<\/section>\r\n<!--#section_close\" -->\n\n\n<p><\/p>\n","protected":false},"excerpt":{"rendered":"<p>Beartas agus Rialacha AIM M\u00e1 t\u00e1 sp\u00e9is agat sa bheartas, rialacha cothrom le d\u00e1ta AIM, conas ar buna\u00edodh AIM n\u00f3 athbhreithni\u00fa ar an gCl\u00e1r, clice\u00e1il ar cheann de na doicim\u00e9id th\u00edos; Is oth linn nach bhfuil leaganacha Gaeilge de na hacmhainn\u00ed seo ar fail. Rialacha AIM 2020\/2021 (PDF) Beartas AIM (PDF) Seoladh Tuarasc\u00e1il an Ghr\u00fapa<\/p>\n","protected":false},"author":4,"featured_media":0,"parent":660,"menu_order":3,"comment_status":"closed","ping_status":"closed","template":"","meta":{"_acf_changed":false,"footnotes":""},"class_list":["post-670","page","type-page","status-publish","hentry"],"acf":[],"yoast_head":"<!-- This site is optimized with the Yoast SEO plugin v26.4 - https:\/\/yoast.com\/wordpress\/plugins\/seo\/ -->\n<title>Beartas agus Rialacha AIM - Access and Inclusion Model<\/title>\n<meta name=\"robots\" content=\"index, follow, max-snippet:-1, max-image-preview:large, max-video-preview:-1\" \/>\n<link rel=\"canonical\" href=\"https:\/\/aim.gov.ie\/ga\/aim-supports\/aim-policy-and-rules\/\" \/>\n<meta property=\"og:locale\" content=\"ga_IE\" \/>\n<meta property=\"og:type\" content=\"article\" \/>\n<meta property=\"og:title\" content=\"Beartas agus Rialacha AIM - Access and Inclusion Model\" \/>\n<meta property=\"og:description\" content=\"Beartas agus Rialacha AIM M\u00e1 t\u00e1 sp\u00e9is agat sa bheartas, rialacha cothrom le d\u00e1ta AIM, conas ar buna\u00edodh AIM n\u00f3 athbhreithni\u00fa ar an gCl\u00e1r, clice\u00e1il ar cheann de na doicim\u00e9id th\u00edos; Is oth linn nach bhfuil leaganacha Gaeilge de na hacmhainn\u00ed seo ar fail. Rialacha AIM 2020\/2021 (PDF) Beartas AIM (PDF) Seoladh Tuarasc\u00e1il an Ghr\u00fapa\" \/>\n<meta property=\"og:url\" content=\"https:\/\/aim.gov.ie\/ga\/aim-supports\/aim-policy-and-rules\/\" \/>\n<meta property=\"og:site_name\" content=\"Access and Inclusion Model\" \/>\n<meta property=\"article:modified_time\" content=\"2021-10-28T07:41:31+00:00\" \/>\n<meta name=\"twitter:card\" content=\"summary_large_image\" \/>\n<meta name=\"twitter:label1\" content=\"Est. reading time\" \/>\n\t<meta name=\"twitter:data1\" content=\"1 minute\" \/>\n<script type=\"application\/ld+json\" class=\"yoast-schema-graph\">{\"@context\":\"https:\/\/schema.org\",\"@graph\":[{\"@type\":\"WebPage\",\"@id\":\"https:\/\/aim.gov.ie\/ga\/aim-supports\/aim-policy-and-rules\/\",\"url\":\"https:\/\/aim.gov.ie\/ga\/aim-supports\/aim-policy-and-rules\/\",\"name\":\"Beartas agus Rialacha AIM - Access and Inclusion Model\",\"isPartOf\":{\"@id\":\"https:\/\/aim.gov.ie\/ga\/#website\"},\"datePublished\":\"2021-05-06T11:00:21+00:00\",\"dateModified\":\"2021-10-28T07:41:31+00:00\",\"breadcrumb\":{\"@id\":\"https:\/\/aim.gov.ie\/ga\/aim-supports\/aim-policy-and-rules\/#breadcrumb\"},\"inLanguage\":\"ga-IE\",\"potentialAction\":[{\"@type\":\"ReadAction\",\"target\":[\"https:\/\/aim.gov.ie\/ga\/aim-supports\/aim-policy-and-rules\/\"]}]},{\"@type\":\"BreadcrumbList\",\"@id\":\"https:\/\/aim.gov.ie\/ga\/aim-supports\/aim-policy-and-rules\/#breadcrumb\",\"itemListElement\":[{\"@type\":\"ListItem\",\"position\":1,\"name\":\"Home\",\"item\":\"https:\/\/aim.gov.ie\/ga\/\"},{\"@type\":\"ListItem\",\"position\":2,\"name\":\"Taca\u00edochta\u00ed AIM\",\"item\":\"https:\/\/aim.gov.ie\/ga\/aim-supports\/\"},{\"@type\":\"ListItem\",\"position\":3,\"name\":\"Beartas agus Rialacha AIM\"}]},{\"@type\":\"WebSite\",\"@id\":\"https:\/\/aim.gov.ie\/ga\/#website\",\"url\":\"https:\/\/aim.gov.ie\/ga\/\",\"name\":\"Access and Inclusion Model\",\"description\":\"The Access and Inclusion Model (AIM) is a model of supports designed to ensure that children with disabilities can access the Early Childhood Care and Education (ECCE) Programme.\",\"potentialAction\":[{\"@type\":\"SearchAction\",\"target\":{\"@type\":\"EntryPoint\",\"urlTemplate\":\"https:\/\/aim.gov.ie\/ga\/?s={search_term_string}\"},\"query-input\":{\"@type\":\"PropertyValueSpecification\",\"valueRequired\":true,\"valueName\":\"search_term_string\"}}],\"inLanguage\":\"ga-IE\"}]}<\/script>\n<!-- \/ Yoast SEO plugin. -->","yoast_head_json":{"title":"Beartas agus Rialacha AIM - Access and Inclusion Model","robots":{"index":"index","follow":"follow","max-snippet":"max-snippet:-1","max-image-preview":"max-image-preview:large","max-video-preview":"max-video-preview:-1"},"canonical":"https:\/\/aim.gov.ie\/ga\/aim-supports\/aim-policy-and-rules\/","og_locale":"ga_IE","og_type":"article","og_title":"Beartas agus Rialacha AIM - Access and Inclusion Model","og_description":"Beartas agus Rialacha AIM M\u00e1 t\u00e1 sp\u00e9is agat sa bheartas, rialacha cothrom le d\u00e1ta AIM, conas ar buna\u00edodh AIM n\u00f3 athbhreithni\u00fa ar an gCl\u00e1r, clice\u00e1il ar cheann de na doicim\u00e9id th\u00edos; Is oth linn nach bhfuil leaganacha Gaeilge de na hacmhainn\u00ed seo ar fail. Rialacha AIM 2020\/2021 (PDF) Beartas AIM (PDF) Seoladh Tuarasc\u00e1il an Ghr\u00fapa","og_url":"https:\/\/aim.gov.ie\/ga\/aim-supports\/aim-policy-and-rules\/","og_site_name":"Access and Inclusion Model","article_modified_time":"2021-10-28T07:41:31+00:00","twitter_card":"summary_large_image","twitter_misc":{"Est. reading time":"1 minute"},"schema":{"@context":"https:\/\/schema.org","@graph":[{"@type":"WebPage","@id":"https:\/\/aim.gov.ie\/ga\/aim-supports\/aim-policy-and-rules\/","url":"https:\/\/aim.gov.ie\/ga\/aim-supports\/aim-policy-and-rules\/","name":"Beartas agus Rialacha AIM - Access and Inclusion Model","isPartOf":{"@id":"https:\/\/aim.gov.ie\/ga\/#website"},"datePublished":"2021-05-06T11:00:21+00:00","dateModified":"2021-10-28T07:41:31+00:00","breadcrumb":{"@id":"https:\/\/aim.gov.ie\/ga\/aim-supports\/aim-policy-and-rules\/#breadcrumb"},"inLanguage":"ga-IE","potentialAction":[{"@type":"ReadAction","target":["https:\/\/aim.gov.ie\/ga\/aim-supports\/aim-policy-and-rules\/"]}]},{"@type":"BreadcrumbList","@id":"https:\/\/aim.gov.ie\/ga\/aim-supports\/aim-policy-and-rules\/#breadcrumb","itemListElement":[{"@type":"ListItem","position":1,"name":"Home","item":"https:\/\/aim.gov.ie\/ga\/"},{"@type":"ListItem","position":2,"name":"Taca\u00edochta\u00ed AIM","item":"https:\/\/aim.gov.ie\/ga\/aim-supports\/"},{"@type":"ListItem","position":3,"name":"Beartas agus Rialacha AIM"}]},{"@type":"WebSite","@id":"https:\/\/aim.gov.ie\/ga\/#website","url":"https:\/\/aim.gov.ie\/ga\/","name":"Access and Inclusion Model","description":"The Access and Inclusion Model (AIM) is a model of supports designed to ensure that children with disabilities can access the Early Childhood Care and Education (ECCE) Programme.","potentialAction":[{"@type":"SearchAction","target":{"@type":"EntryPoint","urlTemplate":"https:\/\/aim.gov.ie\/ga\/?s={search_term_string}"},"query-input":{"@type":"PropertyValueSpecification","valueRequired":true,"valueName":"search_term_string"}}],"inLanguage":"ga-IE"}]}},"_links":{"self":[{"href":"https:\/\/aim.gov.ie\/ga\/wp-json\/wp\/v2\/pages\/670","targetHints":{"allow":["GET"]}}],"collection":[{"href":"https:\/\/aim.gov.ie\/ga\/wp-json\/wp\/v2\/pages"}],"about":[{"href":"https:\/\/aim.gov.ie\/ga\/wp-json\/wp\/v2\/types\/page"}],"author":[{"embeddable":true,"href":"https:\/\/aim.gov.ie\/ga\/wp-json\/wp\/v2\/users\/4"}],"replies":[{"embeddable":true,"href":"https:\/\/aim.gov.ie\/ga\/wp-json\/wp\/v2\/comments?post=670"}],"version-history":[{"count":2,"href":"https:\/\/aim.gov.ie\/ga\/wp-json\/wp\/v2\/pages\/670\/revisions"}],"predecessor-version":[{"id":1078,"href":"https:\/\/aim.gov.ie\/ga\/wp-json\/wp\/v2\/pages\/670\/revisions\/1078"}],"up":[{"embeddable":true,"href":"https:\/\/aim.gov.ie\/ga\/wp-json\/wp\/v2\/pages\/660"}],"wp:attachment":[{"href":"https:\/\/aim.gov.ie\/ga\/wp-json\/wp\/v2\/media?parent=670"}],"curies":[{"name":"wp","href":"https:\/\/api.w.org\/{rel}","templated":true}]}}