{"id":672,"date":"2021-05-06T11:08:16","date_gmt":"2021-05-06T10:08:16","guid":{"rendered":"https:\/\/aimdev.fusio.dev\/aim-supports\/targeted-supports\/"},"modified":"2021-10-28T09:08:39","modified_gmt":"2021-10-28T08:08:39","slug":"targeted-supports","status":"publish","type":"page","link":"https:\/\/aim.gov.ie\/ga\/aim-supports\/targeted-supports\/","title":{"rendered":"Taca\u00edochta\u00ed Spriocdh\u00edrithe"},"content":{"rendered":"<!--#section_open\" -->\r\n<section id=\"section_open-block_6078671a6a95d\" class=\"section-contentpage py-5 section_open\">\r\n\t<div class=\"container\">\r\n<!--#section_open\" -->\r\n\t\t\n\n\n<h1 class=\"wp-block-heading\"><strong>Taca\u00edochta\u00ed Spriocdh\u00edrithe<\/strong><\/h1>\n\n\n\n<p>Freastala\u00edonn taca\u00edochta\u00ed spriocdh\u00edrithe AIM ar raon leathan cumas agus t\u00e1 siad d\u00edrithe ar riachtanais an linbh agus n\u00edl g\u00e1 le diagn\u00f3is de mh\u00edchumas. I gc\u00e1s go leor leana\u00ed, beidh taca\u00edochta\u00ed uil\u00edocha AIM oiri\u00fanach chun cuimsi\u00fa a chinnti\u00fa. D\u2019fh\u00e9adfadh, \u00e1fach, go mbeadh taca\u00edocht bhreise amh\u00e1in n\u00f3 n\u00edos m\u00f3 ag teast\u00e1il \u00f3 leana\u00ed \u00e1irithe chun a rannph\u00e1irt\u00edocht l\u00e1nbhr\u00ed i gcl\u00e1r ECCE a chinnti\u00fa.<\/p>\n\n\n\n<p>B\u2019fh\u00e9idir gurb \u00e9ard a bheadh i gceist anseo comhairle agus taca\u00edocht speisialt\u00f3ra, trealamh n\u00f3 fearais speisialt\u00f3ra, athruithe beaga san fhoirgneamh, idirghabh\u00e1il theiripeach n\u00f3, i l\u00edon beag c\u00e1sanna, c\u00fanamh breise sa seomra r\u00e9amhscoile.<\/p>\n\n\n\n<p>C\u00e9 nach bhfuil maoini\u00fa \u00e1 shol\u00e1thar ag AIM do Ch\u00fant\u00f3ir\u00ed Riachtanas Speisialta (SNAnna), i gc\u00e1sanna \u00e1irithe d\u2019fh\u00e9adfa\u00ed maoini\u00fa a chur ar f\u00e1il chun an c\u00f3imheas idir leana\u00ed agus aosaigh a laghd\u00fa n\u00f3 chun&nbsp; comhalta foirne breise a mhaoini\u00fa mar acmhainn roinnte le leana\u00ed eile sa su\u00edomh ECCE.<\/p>\n\n\n\n<p>M\u00e1 theasta\u00edonn tuilleadh faisn\u00e9ise uait maidir le hiarratas a dh\u00e9anamh ar thaca\u00edochta\u00ed spriocdh\u00edrithe is f\u00e9idir leat cuairt a thabhairt ar \u00e1r leathanach<a href=\"https:\/\/aim.gov.ie\/how-to-apply\/\"> Conas Iarratas a Dh\u00e9anamh<\/a><\/p>\n\n\n\n<h2 class=\"wp-block-heading\">Leibh\u00e9al 4: Comhairle Shaineola\u00edoch Ch\u00faram agus Oideachas na Luath-\u00d3ige<\/h2>\n\n\n\n<p>T\u00e1 AIM leibh\u00e9al 4 \u00e1 shol\u00e1thar ag Seirbh\u00eds Speisialt\u00f3ra Luathbhlianta Better Start&nbsp; (Early Years Specialist Service, EYSS). Oibr\u00edonn Speisialt\u00f3ir\u00ed Luath-Bhlianta i gcomhar le tuismitheoir\u00ed, sol\u00e1thraithe r\u00e9amhscoile, agus le gairmithe eile chun timpeallachta\u00ed foghlama cuimsitheacha a fhorbairt i r\u00e9amhscoileanna. Chomh maith leis sin, sol\u00e1thra\u00edonn EYSS oili\u00fan\u00fa agus meant\u00f3ireacht don fhoireann r\u00e9amhscoile at\u00e1 ag tac\u00fa le leana\u00ed at\u00e1 ag glacadh p\u00e1irte i gcl\u00e1r ECCE. \u00c1ir\u00edtear anseo Plean um Rochtain agus Cuimsi\u00fa a chruth\u00fa do leana\u00ed, ar f\u00e9idir \u00e9 a \u00fas\u00e1id chun taca\u00edocht agus acmhainn\u00ed breise a shainaithint, a theasta\u00edonn chun riachtanais an linbh sa seomra r\u00e9amhscoile a chomhl\u00edonadh. Chomh maith leis sin, f\u00e9adfaidh EYSS feidhmi\u00fa mar phointe teagmh\u00e1la leis an gComhairle N\u00e1isi\u00fanta um Oideachas Speisialta chun tac\u00fa leis an aistri\u00fa chuig an mbunscoil.<\/p>\n\n\n\n<hr class=\"wp-block-separator\"\/>\n\n\n\n<p>M\u00e1 theasta\u00edonn c\u00fanamh breise \u00f3 leanbh chun p\u00e1irt l\u00e1nbhr\u00ed a ghlacadh sa r\u00e9amhscoil, is f\u00e9idir le EYSS comhairle a thabhairt maidir conas iarratas a dh\u00e9anamh ar thaca\u00edochta\u00ed spriocdh\u00edrithe eile. M\u00e1 theasta\u00edonn tuilleadh faisn\u00e9ise uait maidir le r\u00f3l EYSS sa phr\u00f3iseas iarratais tabhair cuairt ar an rann\u00f3g Conas Iarratas a Dh\u00e9anamh den su\u00edomh gr\u00e9as\u00e1in seo.<\/p>\n\n\n\n<p><strong>\u2013 \u201cI rith phr\u00f3iseas iarratais AIM bh\u00ed m\u00e9 p\u00e1irteach sa phl\u00e9 idir mo shol\u00e1thra\u00ed seirbh\u00edse c\u00faraim leana\u00ed, Better Start. Bh\u00ed \u00e1r Speisialt\u00f3ir Luathbhlianta ar f\u00e1il chun aon cheist a bh\u00ed againn a fhreagairt.\u201d \u2013 Emma Tobin, Tuismitheo<\/strong>ir<\/p>\n\n\n\n<h3 class=\"wp-block-heading\">Pr\u00edomhdhoicim\u00e9id Leibh\u00e9al 4<\/h3>\n\n\n\n<p>Is oth linn nach bhfuil leaganacha Gaeilge de na hacmhainn\u00ed seo ar f\u00e1il.<\/p>\n\n\n\n<ul class=\"wp-block-list\"><li><a href=\"https:\/\/aim.gov.ie\/app\/uploads\/2021\/05\/AIM-Level-4-Access-and-Inclusion-Profile-1.pdf\">Access and Inclusion Profile (PDF)<\/a><\/li><li><a href=\"https:\/\/aim.gov.ie\/app\/uploads\/2021\/05\/AIM-Informed-Consent-.pdf\">Informed Consent (PDF)<\/a><\/li><li><a href=\"https:\/\/aim.gov.ie\/app\/uploads\/2021\/05\/AIM-Level-4-Privacy-Statement.pdf\">Privacy Statement (PDF)<\/a><\/li><li><a href=\"https:\/\/aim.gov.ie\/app\/uploads\/2021\/05\/Access-and-Inclusion-Profile-Guidance-V2.pdf\">Access and Inclusion Guidance document (PDF)<\/a><\/li><li><a href=\"https:\/\/aim.gov.ie\/app\/uploads\/2021\/05\/AIM-Level-4-Access-and-Inclusion-Profile-Rationale.pdf\">Access and Inclusion Profile Rationale (PDF)<\/a><\/li><li><a href=\"https:\/\/aim.gov.ie\/app\/uploads\/2021\/05\/Completing-the-Access-and-Inclusion-Profile.pdf\">Completing the Access and Inclusion Profile (PDF)<\/a><\/li><li><a href=\"https:\/\/aim.gov.ie\/app\/uploads\/2021\/05\/AIM-guidelines-for-completing-an-individual-access-and-inclusion-plan.pdf\">Guidelines for completing an Individual Access and Inclusion Plan (PDF)<\/a><\/li><li><a href=\"https:\/\/aim.gov.ie\/app\/uploads\/2021\/05\/AIM-individual-access-and-inclusion-plan.pdf\">Individual Access and Inclusion Plan (PDF)<\/a><\/li><\/ul>\n\n\n\n<h2 class=\"wp-block-heading\">Leibh\u00e9al 5: Trealamh Speisialt\u00f3ra, Fearais agus Mionathruithe<\/h2>\n\n\n\n<p>Faoi leibh\u00e9al 5, is f\u00e9idir le AIM trealamh speisialt\u00f3ra, fearais n\u00f3 deontais chaipitil a shol\u00e1thar chun cabhr\u00fa le mionathruithe i bhfoirgneamh chun rannph\u00e1irt\u00edocht l\u00e1nbhr\u00ed linbh sa r\u00e9amhscoil a chinnti\u00fa. D\u2019fh\u00e9adfadh gurb \u00e9ard a bheadh i gceist ardaitheoir, \u00e1is \u00e9isteachta n\u00f3 rampa cathaoireacha rotha\u00ed, mar shampla. Cuirfear oili\u00faint ar shol\u00e1thraithe saor in aisce ionas go mbeidh siad in ann an trealamh a \u00fas\u00e1id. T\u00e1 tuilleadh faisn\u00e9ise maidir leis an m\u00e9id at\u00e1 ar f\u00e1il faoi leibh\u00e9al 5 le f\u00e1il th\u00edos.<\/p>\n\n\n\n<blockquote class=\"wp-block-quote is-layout-flow wp-block-quote-is-layout-flow\"><p>&#8220;T\u00e1 gach rud a bhfuil le r\u00e1 agam faoi AIM dearfach. T\u00e1 leanbh faoi mh\u00edchumas fisici\u00fail i mo r\u00e9amhscoil, agus tr\u00ed AIM Leibh\u00e9al 5 bh\u00ed mise in ann ionad frioth\u00e1la agus cos\u00e1n a shuite\u00e1il ionas gur f\u00e9idir leis an leanbh bogadh m\u00f3rthimpeall ar an ionad gan str\u00f3. De bhr\u00ed gur ceada\u00edodh don leanbh seo p\u00e1irt ghn\u00edomhach a ghlacadh i su\u00edomh amuigh faoin aer t\u00e1 feabhas suntasach tagtha ar a fhorbairt fhisici\u00fail agus sh\u00f3isialta\u201d.<\/p><cite>Katie Glynn &#8211; <em>Willow Outdoor Pre-school<\/em>, Ros Com\u00e1in<\/cite><\/blockquote>\n\n\n\n<h3 class=\"wp-block-heading\">Pr\u00edomhdhoicim\u00e9id Leibh\u00e9al 5<\/h3>\n\n\n\n<p>Is oth linn nach bhfuil leaganacha Gaeilge de na hacmhainn\u00ed seo ar fail.<\/p>\n\n\n\n<ul class=\"wp-block-list\"><li><a href=\"https:\/\/aim.gov.ie\/app\/uploads\/2021\/05\/AIM-Level-5-capital-information-updated-version-21.09.21.pdf\">Capital Information (PDF)<\/a><\/li><li><a href=\"https:\/\/aim.gov.ie\/app\/uploads\/2021\/05\/aim-level-5-sample-list-of-eligible-equipment.pdf\">Sample List of Eligible Equipment (PDF)<\/a><\/li><li><a href=\"https:\/\/aim.gov.ie\/app\/uploads\/2021\/05\/AIM-Level-5-Capital-Checklist-updated-version-21.09.21.pdf\">Capital Checklist (PDF)<\/a><\/li><li><a href=\"https:\/\/aim.gov.ie\/app\/uploads\/2021\/05\/AIM-Level-5-Capital-Sample-Application-Form-updated-version-21.09.21.pdf\">Capital-Sample Application Form (PDF)<\/a><\/li><li><a href=\"https:\/\/aim.gov.ie\/app\/uploads\/2021\/05\/AIM-Level-5-Visiting-Teacher-Recommendation-Template-updated-version-21.09.21.pdf\">Capital Recommendation Template to be completed by NCSE Visiting Teacher (PDF)<\/a><\/li><li><a href=\"https:\/\/aim.gov.ie\/app\/uploads\/2021\/05\/AIM-Level-5-aim-capital-form-for-hse-and-hse-funded-professionals-updated-version-21.09.21.pdf\">AIM Capital Form for HSE and HSE funded Professional\u2019s (PDF)<\/a><\/li><li><a href=\"https:\/\/aim.gov.ie\/app\/uploads\/2021\/05\/AIM-Informed-Consent-.pdf\">Informed Consent (PDF)<\/a><\/li><\/ul>\n\n\n\n<h2 class=\"wp-block-heading\">Leibh\u00e9al 6: Taca\u00edochta\u00ed Teiripeacha<\/h2>\n\n\n\n<p>Sol\u00e1thra\u00edonn AIM raon seirbh\u00eds\u00ed i gcomhar le FSS faoi thaca\u00edochta\u00ed teiripeacha. D\u2019fh\u00e9adfadh go mbeadh na seirbh\u00eds\u00ed seo uil\u00edoch n\u00f3 spriocdh\u00edrithe. Is \u00e9ard at\u00e1 i gceist le seirbh\u00eds\u00ed uil\u00edocha n\u00e1 bileoga a shol\u00e1thar n\u00f3 faisn\u00e9is taca\u00edochta eile. Is seirbh\u00eds\u00ed aonair iad seirbh\u00eds\u00ed spriocdh\u00edrithe agus d\u2019fh\u00e9adfa\u00ed go n-\u00e1ireofa\u00ed ina measc: pleananna taca\u00edochta iompra\u00edochta, ranganna, trealamh, comhairle ghairmi\u00fail n\u00f3 cuairteanna r\u00e9amhscoile. D\u2019fh\u00e9adfa\u00ed taca\u00edochta\u00ed a shol\u00e1thar tr\u00ed Fhoireann L\u00edonra na Leana\u00ed faoi Mh\u00edchumas (Children\u2019s Disability Network Team, CDNT), Seirbh\u00eds M\u00edchumais FSS, Eagra\u00edocht Dheonach at\u00e1 \u00e1 maoini\u00fa ag FSS n\u00f3 Seirbh\u00eds\u00ed C\u00faraim Phr\u00edomh\u00fail FSS.<\/p>\n\n\n\n<p>Nuair a dh\u00e9antar iarratas le haghaidh taca\u00edocht AIM leibh\u00e9al 6, t\u00e9ann Speisialt\u00f3ir Luathbhlianta Better Start i dteagmh\u00e1il leis an teagmh\u00e1la\u00ed cu\u00ed in FSS, a thabharfaidh comhairle maidir leis an taca\u00edocht is fearr don leanbh.<\/p>\n\n\n\n<p>M\u00e1 t\u00e1 aithne ag FSS ar an leanbh cheana f\u00e9in, eagr\u00f3idh an Speisialt\u00f3ir Luathbhlianta glaoch teileaf\u00f3in leis an teagmh\u00e1la\u00ed FSS at\u00e1 sainaitheanta sa Phr\u00f3if\u00edl um Rochtain agus Cuimsi\u00fa. Ansin athbhreithneoidh siad na strait\u00e9is\u00ed c\u00faraim sl\u00e1inte at\u00e1 bunaithe cheana f\u00e9in don leanbh sin ionas gur f\u00e9idir leo na strait\u00e9is\u00ed seo a threisi\u00fa leis an r\u00e9amhscoil agus a chinnti\u00fa nach bhfuil aon choinbhleacht ag baint leis an bhfaisn\u00e9is at\u00e1 \u00e1 cur ar f\u00e1il don leanbh n\u00f3 don r\u00e9amhscoil.<\/p>\n\n\n\n<p>Mura bhfuil aon aithne ag FSS ar leanbh, seolfaidh an Speisialt\u00f3ir Luathbhlianta an Phr\u00f3if\u00edl um Rochtain agus Cuimsi\u00fa comhl\u00e1naithe chuig an teagmh\u00e1la\u00ed comhaontaithe FSS. Ceangl\u00f3far ar FSS freagra a shol\u00e1thar laistigh de 5 seachtaine \u00f3n iarratas ar thaca\u00edocht a fh\u00e1il ionas gur f\u00e9idir rannph\u00e1irt\u00edocht l\u00e1nbhr\u00ed an linbh i gcl\u00e1r ECCE a chinnti\u00fa.<\/p>\n\n\n\n<h2 class=\"wp-block-heading\">Leibh\u00e9al 7: C\u00fanamh Breise<\/h2>\n\n\n\n<p>Sol\u00e1thra\u00edonn taca\u00edocht AIM leibh\u00e9al 7 maoini\u00fa breise do r\u00e9amhscoileanna ina bhfuil leanbh \u00f3na dteasta\u00edonn taca\u00edocht bhreise. F\u00e9adfaidh sol\u00e1thraithe an maoini\u00fa seo a \u00fas\u00e1id chun an c\u00f3imheas idir leana\u00ed agus aosaigh a laghd\u00fa sa seomra r\u00e9amhscoile n\u00f3 chun maoini\u00fa a chur ar f\u00e1il do chomhalta foirne breise mar acmhainn roinnte le leana\u00ed eile sa su\u00edomh ECCE. T\u00e1 s\u00e9 seo ar fad d\u00edrithe ar thac\u00fa leis an gceannaire r\u00e9amhscoile rannph\u00e1irt\u00edocht bharrmhaith do linbh a chinnti\u00fa. D\u2019fh\u00e9adfadh go mbeadh tortha\u00ed dearfacha ag laghd\u00fa simpl\u00ed sa ch\u00f3imheas idir comhalta\u00ed foirne agus leana\u00ed ar leana\u00ed faoi mh\u00edchumas agus ar an seomra r\u00e9amhscoile ar fad.  Tuilleadh eolais anseo:&nbsp;<a href=\"https:\/\/aim.gov.ie\/app\/uploads\/2021\/05\/AIM-Level-7-assistance-information-updated-version-21.09.21.pdf\">Additional Assistance Information (PDF)<\/a>. <\/p>\n\n\n\n<blockquote class=\"wp-block-quote is-layout-flow wp-block-quote-is-layout-flow\"><p>\u201cBronnadh AIM leibh\u00e9al 7 orm do leanbh i mo r\u00e9amhscoil at\u00e1 faoi mh\u00edchumas fisici\u00fail. Thug s\u00e9 seo deis don leanbh p\u00e1irt a ghlacadh i ngach gn\u00edomha\u00edocht leis na leana\u00ed eile, agus chiallaigh s\u00e9 seo go raibh eisp\u00e9ireas r\u00e9amhscoile an linbh seo agus na leana\u00ed eile dearfach. De bhr\u00ed gur ceada\u00edodh don leanbh seo p\u00e1irt ghn\u00edomhach a ghlacadh i su\u00edomh amuigh faoin aer t\u00e1 feabhas suntasach tagtha ar a fhorbairt fhisici\u00fail agus sh\u00f3isialta\u201d<\/p><cite><strong>Katie Glynn, Willow Outdoor Pre-school, Ros Com\u00e1in <\/strong> <\/cite><\/blockquote>\n\n\n\n<p>Mar aitheantas don taighde at\u00e1 \u00e1 dh\u00e9anamh sa r\u00e9imse seo, t\u00e1 an taca\u00edocht seo deartha chun cuimsi\u00fa a fheabhs\u00fa agus rannph\u00e1irt\u00edocht l\u00e1nbhr\u00ed gan leanbh sa seomra a chinnti\u00fa. N\u00ed hionann \u00e9 agus samhail an ch\u00fant\u00f3ra Riachtanas Speisialta at\u00e1 d\u00edrithe ar thaca\u00edochta\u00ed do gach leanbh aonair.<\/p>\n\n\n\n<p>Is f\u00e9idir r\u00e1ta de \u20ac210 sa tseachtain de Ch\u00fanamh breise a \u00edoc le su\u00edomhanna. (T\u00e1 s\u00e9 seo bunaithe ar 15 uair sa tseachtain de ch\u00fanamh breise le haghaidh t\u00e9arma 38 seachtain, agus r\u00edomhtar \u00e9ags\u00falachta\u00ed pro rata.)<\/p>\n\n\n\n<blockquote class=\"wp-block-quote is-layout-flow wp-block-quote-is-layout-flow\"><p>&#8220;Chiallaigh an c\u00f3imheas n\u00edos \u00edsle idir comhalta\u00ed foirne agus leana\u00ed go raibh breis sol\u00fabthachta ann \u00f3 l\u00e1 go l\u00e1 agus t\u00e1 mo mhac \u00e9irithe i bhfad n\u00edos caint\u00ed agus n\u00edos gl\u00f3ra\u00ed i rith na ch\u00e9ad bhliana de thaca\u00edocht AIM\u201d.<\/p><cite><strong>Emma Tobin, Tuismitheoir<\/strong><\/cite><\/blockquote>\n\n\n<!--#section_close\" -->\r\n\t<\/div>\r\n<\/section>\r\n<!--#section_close\" -->\n\n\r\n<!--#section-contentpage\" -->\r\n<section class=\"section-contentpage bg-color-orange pt-5 pb-1\">\r\n\t<div class=\"container\">\r\n\t\t<div class=\"row\">\r\n\t\t\t<div class=\"col-12 mb-4 text-center\">\r\n\t\t\t\t<h2 class=\"color-white\">Tuilleadh L\u00e9itheoireachta<\/h2>\r\n\t\t\t<\/div>\r\n\t\t<\/div>\r\n\t\t<div class=\"row boxes\">\t\r\n\t\t\t\t\t\t\t\t\t<div class=\"col-12 col-md-4 mb-5\">\r\n\t\t\t\t\t\t\t<a href=\"\" class=\"w-100 d-table\">\r\n\t\t\t\t\t\t\t\t<img decoding=\"async\" class=\"w-100 img-fluid\" src=\"https:\/\/aim.gov.ie\/app\/uploads\/2021\/05\/graphic-universal-supports.png\" alt=\"\" \/>\r\n\t\t\t\t\t\t\t\t<h3 class=\"color-white mt-3\">Taca\u00edochta\u00ed Uil\u00edocha<\/h3>\r\n\t\t\t\t\t\t\t\t<p class=\"color-black\">T\u00e9ann taca\u00edochta\u00ed uil\u00edocha AIM chun tairbhe na timpeallachta r\u00e9amhscoile ar fad tr\u00ed chur ar chumas sol\u00e1thraithe r\u00e9amhscoile cult\u00far n\u00edos cuimsith\u00ed a chruth\u00fa ina su\u00edomhanna. <\/p>\r\n\t\t\t\t\t\t\t<\/a>\r\n\t\t\t\t\t\t<\/div>\r\n\t\t\t\t\t\t\t\t\t\t\t<div class=\"col-12 col-md-4 mb-5\">\r\n\t\t\t\t\t\t\t<a href=\"\" class=\"w-100 d-table\">\r\n\t\t\t\t\t\t\t\t<img decoding=\"async\" class=\"w-100 img-fluid\" src=\"https:\/\/aim.gov.ie\/app\/uploads\/2021\/05\/graphic-inclusive-play.png\" alt=\"\" \/>\r\n\t\t\t\t\t\t\t\t<h3 class=\"color-white mt-3\">S\u00fagradh Cuimsitheach AIM<\/h3>\r\n\t\t\t\t\t\t\t\t<p class=\"color-black\">Buna\u00edodh S\u00fagradh Cuimsitheach AIM in 2018 mar thacar acmhainn\u00ed s\u00fagartha c\u00e9adfacha agus oideachais chun tac\u00fa le cleachtas cuimsitheach laistigh de shu\u00edomhanna Fhoghlaim agus Ch\u00faram na Luath-\u00d3ige. <\/p>\r\n\t\t\t\t\t\t\t<\/a>\r\n\t\t\t\t\t\t<\/div>\r\n\t\t\t\t\t\t\t\t\t\t\t<div class=\"col-12 col-md-4 mb-5\">\r\n\t\t\t\t\t\t\t<a href=\"\" class=\"w-100 d-table\">\r\n\t\t\t\t\t\t\t\t<img decoding=\"async\" class=\"w-100 img-fluid\" src=\"https:\/\/aim.gov.ie\/app\/uploads\/2021\/05\/graphic-universal-design-guidelines.png\" alt=\"\" \/>\r\n\t\t\t\t\t\t\t\t<h3 class=\"color-white mt-3\">Teoirl\u00ednte maidir le Dearadh Uil\u00edoch<\/h3>\r\n\t\t\t\t\t\t\t\t<p class=\"color-black\">Is \u00e9 Dearadh Uil\u00edoch n\u00e1 dearadh agus comhdh\u00e9anamh timpeallachta, ionas go mbeidh s\u00e9 inrochtana, intuigthe agus \u00fas\u00e1idte ag a mh\u00e9id is f\u00e9idir ag gach duine, beag beann ar a n-aois, m\u00e9id, cumas n\u00f3 m\u00edchumas.<\/p>\r\n\t\t\t\t\t\t\t<\/a>\r\n\t\t\t\t\t\t<\/div>\r\n\t\t\t\t\t\t\t\t\t\t\t\t\r\n\t\t<\/div>\r\n\t<\/div>\r\n<\/section>\r\n\n\n\n<p><\/p>\n","protected":false},"excerpt":{"rendered":"<p>Taca\u00edochta\u00ed Spriocdh\u00edrithe Freastala\u00edonn taca\u00edochta\u00ed spriocdh\u00edrithe AIM ar raon leathan cumas agus t\u00e1 siad d\u00edrithe ar riachtanais an linbh agus n\u00edl g\u00e1 le diagn\u00f3is de mh\u00edchumas. I gc\u00e1s go leor leana\u00ed, beidh taca\u00edochta\u00ed uil\u00edocha AIM oiri\u00fanach chun cuimsi\u00fa a chinnti\u00fa. D\u2019fh\u00e9adfadh, \u00e1fach, go mbeadh taca\u00edocht bhreise amh\u00e1in n\u00f3 n\u00edos m\u00f3 ag teast\u00e1il \u00f3 leana\u00ed \u00e1irithe chun<\/p>\n","protected":false},"author":4,"featured_media":0,"parent":660,"menu_order":2,"comment_status":"closed","ping_status":"closed","template":"","meta":{"_acf_changed":false,"footnotes":""},"class_list":["post-672","page","type-page","status-publish","hentry"],"acf":[],"yoast_head":"<!-- This site is optimized with the Yoast SEO plugin v26.4 - https:\/\/yoast.com\/wordpress\/plugins\/seo\/ -->\n<title>Taca\u00edochta\u00ed Spriocdh\u00edrithe - Access and Inclusion Model<\/title>\n<meta name=\"robots\" content=\"index, follow, max-snippet:-1, max-image-preview:large, max-video-preview:-1\" \/>\n<link rel=\"canonical\" href=\"https:\/\/aim.gov.ie\/ga\/aim-supports\/targeted-supports\/\" \/>\n<meta property=\"og:locale\" content=\"ga_IE\" \/>\n<meta property=\"og:type\" content=\"article\" \/>\n<meta property=\"og:title\" content=\"Taca\u00edochta\u00ed Spriocdh\u00edrithe - Access and Inclusion Model\" \/>\n<meta property=\"og:description\" content=\"Taca\u00edochta\u00ed Spriocdh\u00edrithe Freastala\u00edonn taca\u00edochta\u00ed spriocdh\u00edrithe AIM ar raon leathan cumas agus t\u00e1 siad d\u00edrithe ar riachtanais an linbh agus n\u00edl g\u00e1 le diagn\u00f3is de mh\u00edchumas. I gc\u00e1s go leor leana\u00ed, beidh taca\u00edochta\u00ed uil\u00edocha AIM oiri\u00fanach chun cuimsi\u00fa a chinnti\u00fa. D\u2019fh\u00e9adfadh, \u00e1fach, go mbeadh taca\u00edocht bhreise amh\u00e1in n\u00f3 n\u00edos m\u00f3 ag teast\u00e1il \u00f3 leana\u00ed \u00e1irithe chun\" \/>\n<meta property=\"og:url\" content=\"https:\/\/aim.gov.ie\/ga\/aim-supports\/targeted-supports\/\" \/>\n<meta property=\"og:site_name\" content=\"Access and Inclusion Model\" \/>\n<meta property=\"article:modified_time\" content=\"2021-10-28T08:08:39+00:00\" \/>\n<meta name=\"twitter:card\" content=\"summary_large_image\" \/>\n<meta name=\"twitter:label1\" content=\"Est. reading time\" \/>\n\t<meta name=\"twitter:data1\" content=\"6 minutes\" \/>\n<script type=\"application\/ld+json\" class=\"yoast-schema-graph\">{\"@context\":\"https:\/\/schema.org\",\"@graph\":[{\"@type\":\"WebPage\",\"@id\":\"https:\/\/aim.gov.ie\/ga\/aim-supports\/targeted-supports\/\",\"url\":\"https:\/\/aim.gov.ie\/ga\/aim-supports\/targeted-supports\/\",\"name\":\"Taca\u00edochta\u00ed Spriocdh\u00edrithe - Access and Inclusion Model\",\"isPartOf\":{\"@id\":\"https:\/\/aim.gov.ie\/ga\/#website\"},\"datePublished\":\"2021-05-06T10:08:16+00:00\",\"dateModified\":\"2021-10-28T08:08:39+00:00\",\"breadcrumb\":{\"@id\":\"https:\/\/aim.gov.ie\/ga\/aim-supports\/targeted-supports\/#breadcrumb\"},\"inLanguage\":\"ga-IE\",\"potentialAction\":[{\"@type\":\"ReadAction\",\"target\":[\"https:\/\/aim.gov.ie\/ga\/aim-supports\/targeted-supports\/\"]}]},{\"@type\":\"BreadcrumbList\",\"@id\":\"https:\/\/aim.gov.ie\/ga\/aim-supports\/targeted-supports\/#breadcrumb\",\"itemListElement\":[{\"@type\":\"ListItem\",\"position\":1,\"name\":\"Home\",\"item\":\"https:\/\/aim.gov.ie\/ga\/\"},{\"@type\":\"ListItem\",\"position\":2,\"name\":\"Taca\u00edochta\u00ed AIM\",\"item\":\"https:\/\/aim.gov.ie\/ga\/aim-supports\/\"},{\"@type\":\"ListItem\",\"position\":3,\"name\":\"Taca\u00edochta\u00ed Spriocdh\u00edrithe\"}]},{\"@type\":\"WebSite\",\"@id\":\"https:\/\/aim.gov.ie\/ga\/#website\",\"url\":\"https:\/\/aim.gov.ie\/ga\/\",\"name\":\"Access and Inclusion Model\",\"description\":\"The Access and Inclusion Model (AIM) is a model of supports designed to ensure that children with disabilities can access the Early Childhood Care and Education (ECCE) Programme.\",\"potentialAction\":[{\"@type\":\"SearchAction\",\"target\":{\"@type\":\"EntryPoint\",\"urlTemplate\":\"https:\/\/aim.gov.ie\/ga\/?s={search_term_string}\"},\"query-input\":{\"@type\":\"PropertyValueSpecification\",\"valueRequired\":true,\"valueName\":\"search_term_string\"}}],\"inLanguage\":\"ga-IE\"}]}<\/script>\n<!-- \/ Yoast SEO plugin. -->","yoast_head_json":{"title":"Taca\u00edochta\u00ed Spriocdh\u00edrithe - Access and Inclusion Model","robots":{"index":"index","follow":"follow","max-snippet":"max-snippet:-1","max-image-preview":"max-image-preview:large","max-video-preview":"max-video-preview:-1"},"canonical":"https:\/\/aim.gov.ie\/ga\/aim-supports\/targeted-supports\/","og_locale":"ga_IE","og_type":"article","og_title":"Taca\u00edochta\u00ed Spriocdh\u00edrithe - Access and Inclusion Model","og_description":"Taca\u00edochta\u00ed Spriocdh\u00edrithe Freastala\u00edonn taca\u00edochta\u00ed spriocdh\u00edrithe AIM ar raon leathan cumas agus t\u00e1 siad d\u00edrithe ar riachtanais an linbh agus n\u00edl g\u00e1 le diagn\u00f3is de mh\u00edchumas. I gc\u00e1s go leor leana\u00ed, beidh taca\u00edochta\u00ed uil\u00edocha AIM oiri\u00fanach chun cuimsi\u00fa a chinnti\u00fa. D\u2019fh\u00e9adfadh, \u00e1fach, go mbeadh taca\u00edocht bhreise amh\u00e1in n\u00f3 n\u00edos m\u00f3 ag teast\u00e1il \u00f3 leana\u00ed \u00e1irithe chun","og_url":"https:\/\/aim.gov.ie\/ga\/aim-supports\/targeted-supports\/","og_site_name":"Access and Inclusion Model","article_modified_time":"2021-10-28T08:08:39+00:00","twitter_card":"summary_large_image","twitter_misc":{"Est. reading time":"6 minutes"},"schema":{"@context":"https:\/\/schema.org","@graph":[{"@type":"WebPage","@id":"https:\/\/aim.gov.ie\/ga\/aim-supports\/targeted-supports\/","url":"https:\/\/aim.gov.ie\/ga\/aim-supports\/targeted-supports\/","name":"Taca\u00edochta\u00ed Spriocdh\u00edrithe - Access and Inclusion Model","isPartOf":{"@id":"https:\/\/aim.gov.ie\/ga\/#website"},"datePublished":"2021-05-06T10:08:16+00:00","dateModified":"2021-10-28T08:08:39+00:00","breadcrumb":{"@id":"https:\/\/aim.gov.ie\/ga\/aim-supports\/targeted-supports\/#breadcrumb"},"inLanguage":"ga-IE","potentialAction":[{"@type":"ReadAction","target":["https:\/\/aim.gov.ie\/ga\/aim-supports\/targeted-supports\/"]}]},{"@type":"BreadcrumbList","@id":"https:\/\/aim.gov.ie\/ga\/aim-supports\/targeted-supports\/#breadcrumb","itemListElement":[{"@type":"ListItem","position":1,"name":"Home","item":"https:\/\/aim.gov.ie\/ga\/"},{"@type":"ListItem","position":2,"name":"Taca\u00edochta\u00ed AIM","item":"https:\/\/aim.gov.ie\/ga\/aim-supports\/"},{"@type":"ListItem","position":3,"name":"Taca\u00edochta\u00ed Spriocdh\u00edrithe"}]},{"@type":"WebSite","@id":"https:\/\/aim.gov.ie\/ga\/#website","url":"https:\/\/aim.gov.ie\/ga\/","name":"Access and Inclusion Model","description":"The Access and Inclusion Model (AIM) is a model of supports designed to ensure that children with disabilities can access the Early Childhood Care and Education (ECCE) Programme.","potentialAction":[{"@type":"SearchAction","target":{"@type":"EntryPoint","urlTemplate":"https:\/\/aim.gov.ie\/ga\/?s={search_term_string}"},"query-input":{"@type":"PropertyValueSpecification","valueRequired":true,"valueName":"search_term_string"}}],"inLanguage":"ga-IE"}]}},"_links":{"self":[{"href":"https:\/\/aim.gov.ie\/ga\/wp-json\/wp\/v2\/pages\/672","targetHints":{"allow":["GET"]}}],"collection":[{"href":"https:\/\/aim.gov.ie\/ga\/wp-json\/wp\/v2\/pages"}],"about":[{"href":"https:\/\/aim.gov.ie\/ga\/wp-json\/wp\/v2\/types\/page"}],"author":[{"embeddable":true,"href":"https:\/\/aim.gov.ie\/ga\/wp-json\/wp\/v2\/users\/4"}],"replies":[{"embeddable":true,"href":"https:\/\/aim.gov.ie\/ga\/wp-json\/wp\/v2\/comments?post=672"}],"version-history":[{"count":7,"href":"https:\/\/aim.gov.ie\/ga\/wp-json\/wp\/v2\/pages\/672\/revisions"}],"predecessor-version":[{"id":1092,"href":"https:\/\/aim.gov.ie\/ga\/wp-json\/wp\/v2\/pages\/672\/revisions\/1092"}],"up":[{"embeddable":true,"href":"https:\/\/aim.gov.ie\/ga\/wp-json\/wp\/v2\/pages\/660"}],"wp:attachment":[{"href":"https:\/\/aim.gov.ie\/ga\/wp-json\/wp\/v2\/media?parent=672"}],"curies":[{"name":"wp","href":"https:\/\/api.w.org\/{rel}","templated":true}]}}