{"id":673,"date":"2021-05-06T11:05:02","date_gmt":"2021-05-06T10:05:02","guid":{"rendered":"https:\/\/aimdev.fusio.dev\/aim-supports\/universal-supports\/"},"modified":"2021-10-28T09:06:24","modified_gmt":"2021-10-28T08:06:24","slug":"universal-supports","status":"publish","type":"page","link":"https:\/\/aim.gov.ie\/ga\/aim-supports\/universal-supports\/","title":{"rendered":"Taca\u00edochta\u00ed Uil\u00edocha"},"content":{"rendered":"<!--#section_open\" -->\r\n<section id=\"section_open-block_6093f0dd21efa\" class=\"section-contentpage py-5 section_open\">\r\n\t<div class=\"container\">\r\n<!--#section_open\" -->\r\n\t\t\n\n\n<h1 class=\"wp-block-heading\">Taca\u00edochta\u00ed Uil\u00edocha<\/h1>\n\n\n\n<p>T\u00e9ann taca\u00edochta\u00ed uil\u00edocha AIM chun tairbhe na timpeallachta r\u00e9amhscoile ar fad tr\u00ed chur ar chumas sol\u00e1thraithe r\u00e9amhscoile cult\u00far n\u00edos cuimsith\u00ed a chruth\u00fa ina su\u00edomhanna. D\u00e9antar \u00e9 sin tr\u00ed thairbhe a bhaint as; Forbairt Ghairmi\u00fail Lean\u00fanach (Continuous Professional Development, CPD), cairt agus treoirl\u00ednte cuimsithe do r\u00e9amhscoileanna agus c\u00e1il\u00edocht Leibh\u00e9al 6 i gCeannaireacht um Chuimsi\u00fa sna Luathbhlianta (Leadership for Inclusion in the Early Years, LINC).<\/p>\n\n\n\n<h2 class=\"wp-block-heading\">Leibh\u00e9al 1- Oili\u00faint Comhordaitheoir um Chuimsi\u00fa (LINC)<\/h2>\n\n\n\n<p>Is c\u00e1il\u00edocht leibh\u00e9al 6 sainchusp\u00f3ireach d\u2019oideoir\u00ed luathbhlianta \u00e9&nbsp; an ch\u00e1il\u00edocht sa Cheannaireacht um Chuimsi\u00fa sna Luathbhlianta (LINC) at\u00e1 \u00e1 re\u00e1cht\u00e1il ag Col\u00e1iste Mhuire Gan Sm\u00e1l agus t\u00e1 \u00e1 mhaoini\u00fa go hioml\u00e1n ag an Roinn Leana\u00ed, Comhionannais, M\u00edchumais, L\u00e1nph\u00e1irt\u00edochta agus \u00d3ige (DCEDIY).<\/p>\n\n\n\n<p>Leis an gc\u00e1il\u00edocht seo, is f\u00e9idir le comhalta\u00ed foirne r\u00e9amhscoile feidhmi\u00fa mar Chomhordaitheoir um Chuimsi\u00fa (INCO) i su\u00edomh r\u00e9amhscoile. Sa ch\u00e1s gur Comhordaitheoir um Chuimsi\u00fa l\u00e1nch\u00e1ilithe an sol\u00e1thra\u00ed seirbh\u00edse n\u00f3 sa ch\u00e1s go bhfuil Comhordaitheoir um Chuimsi\u00fa l\u00e1nch\u00e1ilithe fostaithe sa su\u00edomh r\u00e9amhscoile, beidh an sol\u00e1thra\u00ed sin c\u00e1ilithe le haghaidh m\u00e9ad\u00fa de \u20ac2 do gach leanbh sa tseachtain ag an r\u00e1ta de chaipit\u00edocht ECCE at\u00e1 in\u00edoctha.<\/p>\n\n\n\n<blockquote class=\"wp-block-quote is-layout-flow wp-block-quote-is-layout-flow\"><p><strong>\u201c<em>The LINC programme really increased my confidence in talking to parents about inclusion and disability. The lessons I have learned through the programme have spread to colleagues and has created a more inclusive and quality childcare experience in my pre-school<\/em>.\u201d<\/strong><\/p><cite><strong>Margaret O Brien, Little Stars Montessori School, Laois<\/strong><\/cite><\/blockquote>\n\n\n\n<p>M\u00e1 theasta\u00edonn eolas uait maidir le conas iarratas a dh\u00e9anamh ar LINC n\u00f3 caipit\u00edocht mh\u00e9adaithe tabhair cuairt ar an leathanach Conas Iarratas a <strong><a href=\"https:\/\/aim.gov.ie\/aim-supports\/universal-supports\/\">Conas Iarratas a Dh\u00e9anamh<\/a><\/strong> ar Thaca\u00edochta\u00ed Uil\u00edocha ar \u00e1r su\u00edomh gr\u00e9as\u00e1in n\u00f3 ar <a href=\"https:\/\/lincprogramme.ie\/\">shu\u00edomh gr\u00e9as\u00e1in LINC<\/a>.<\/p>\n\n\n\n<p>T\u00e1 tuilleadh faisn\u00e9ise le f\u00e1il sna doicim\u00e9id th\u00edos maidir le LINC agus r\u00f3l INCO<\/p>\n\n\n\n<h3 class=\"wp-block-heading\">Pr\u00edomhdhoicim\u00e9id don Chomhordaitheoir um Chuimsi\u00fa<\/h3>\n\n\n\n<p>Is oth linn nach bhfuil leaganacha Gaeilge de na hacmhainn\u00ed seo ar f\u00e1il.<\/p>\n\n\n\n<div class=\"wp-block-buttons is-layout-flex wp-block-buttons-is-layout-flex\">\n<div class=\"wp-block-button\"><a class=\"wp-block-button__link\" href=\"https:\/\/aim.gov.ie\/app\/uploads\/2021\/05\/AIM-role-of-the-inclusion-co-ordinator.pdf\">Role of the Inclusion Co-ordinator (PDF)<\/a><\/div>\n<\/div>\n\n\n\n<div class=\"wp-block-buttons is-layout-flex wp-block-buttons-is-layout-flex\">\n<div class=\"wp-block-button\"><a class=\"wp-block-button__link\" href=\"https:\/\/aim.gov.ie\/app\/uploads\/2021\/05\/AIM-Level-1-inclusion-co-ordinator-faq-re-increased-ecce-capitation-1-updated-version-21.09.21.pdf\">Inclusion Co-ordinator FAQ re Increased ECCE Capitation (PDF)<\/a><\/div>\n<\/div>\n\n\n\n<div class=\"wp-block-buttons is-layout-flex wp-block-buttons-is-layout-flex\">\n<div class=\"wp-block-button\"><a class=\"wp-block-button__link\" href=\"https:\/\/aim.gov.ie\/app\/uploads\/2021\/05\/AIM-level-1-inclusion-co-ordinator-notification-of-changes.pdf\">Notification of Changes re Inclusion Co-ordinator (PDF)<\/a><\/div>\n<\/div>\n\n\n\n<h2 class=\"wp-block-heading\">Leibh\u00e9al 1 &#8211; Oili\u00faint um Chomhionannas, \u00c9ags\u00falacht agus Cuimsitheacht (Equality, Diversity and Inclusion, EDI)<\/h2>\n\n\n\n<p>D\u2019fhorbair DCEDIY an Chairt um Chomhionannas, \u00c9ags\u00falacht agus Cuimsitheacht chun tac\u00fa le daoine at\u00e1 ag obair san earn\u00e1il a chumhacht\u00fa chun cleachtais chuimsitheacha a scr\u00fad\u00fa, a thuiscint agus a fhorbairt a rachaidh chun tairbhe leana\u00ed, a dteaghlach agus na socha\u00ed tr\u00ed ch\u00e9ile. Cabhra\u00edonn oili\u00faint EDI le sol\u00e1thraithe &#8211; cairt agus treoirl\u00ednte EDI a thuiscint, a gcairt um chuimsi\u00fa f\u00e9in a chruth\u00fa d\u00e1 su\u00edomh f\u00e9in, cur chuige frithchlaontachta a fhorbairt i gc\u00faram luathbhlianta agus tuilleadh.<\/p>\n\n\n\n<p>Is oth linn nach bhfuil leagan Gaeilge den acmhainn seo ar f\u00e1il.<\/p>\n\n\n\n<div class=\"wp-block-buttons is-layout-flex wp-block-buttons-is-layout-flex\">\n<div class=\"wp-block-button\"><a class=\"wp-block-button__link\" href=\"https:\/\/aim.gov.ie\/app\/uploads\/2021\/05\/Diversity-Equality-and-Inclusion-Charter-and-Guidelines-for-Early-Childhood-Care-and-Education.pdf\">Diversity, Equality and Inclusion Charter and Guidelines for Early Childhood Care &amp; Education (PDF)<\/a><\/div>\n<\/div>\n\n\n\n<p>T\u00e1 na c\u00farsa\u00ed seo \u00e1 gcur ar f\u00e1il saor in aisce agus ar f\u00e1il ar fud na t\u00edre, agus t\u00e1 tuilleadh faisn\u00e9ise maidir le conas iarratas a dh\u00e9anamh le f\u00e1il \u00f3 do Choiste Contae agus Cathrach i gC\u00faram Leana\u00ed (City and County Childcare Committee, CCC) \u00e1iti\u00fail, agus is f\u00e9idir leat eolas a fh\u00e1il faoi do CCC \u00e1iti\u00fail ag <a href=\"http:\/\/myccc.ie\/\">myccc.ie<\/a>.<\/p>\n\n\n\n<h2 class=\"wp-block-heading\">Leibh\u00e9al 3 &#8211; Forbairt Ghairmi\u00fail Lean\u00fanach<\/h2>\n\n\n\n<p>Chomh maith leis sin, taca\u00edonn AIM le su\u00edomhanna tr\u00ed ch\u00farsa um Fhorbairt Ghairmi\u00fail Lean\u00fanach (CPD) a shol\u00e1thar i r\u00e9ims\u00ed an mh\u00edchumais agus an chuimsithe:<\/p>\n\n\n\n<p><em>Hanen \u2013 Hanen Teacher Talk<\/em> &#8211; c\u00farsa oili\u00fana tr\u00ed l\u00e1 do shol\u00e1thraithe, chun cabhr\u00fa leo cur ar chumas leana\u00ed \u00f3ga scileanna teanga agus litearthachta a fhorbairt.<\/p>\n\n\n\n<p><em>L\u00e1mh \u2013 L\u00e1mh<\/em> &#8211; c\u00f3ras teanga chomhartha\u00edochta l\u00e1imhe a \u00fas\u00e1ideann leana\u00ed agus aosaigh at\u00e1 faoi mh\u00edchumas intleachta agus ag a bhfuil riachtanais chumars\u00e1ide.<\/p>\n\n\n\n<p><em>SPEL \u2013 SPEL<\/em> &#8211; seasann SPEL do chl\u00e1r R\u00edomhfhoghlama Pr\u00f3ise\u00e1la Ceadfa\u00ed agus cabhra\u00edonn s\u00e9 le sol\u00e1thraithe tac\u00fa le leana\u00ed ag a bhfuil deacrachta\u00ed pr\u00f3ise\u00e1la c\u00e9adfa\u00ed.<\/p>\n\n\n\n<p>T\u00e1 <em>Hanen<\/em>, <em>L\u00e1mh<\/em> agus <em>SPEL<\/em> \u00e1 gcur ar f\u00e1il ag Better Start. T\u00e1 <em>SPEL<\/em> \u00e1 \u00f3st\u00e1il ar LMS (c\u00f3ras bainist\u00edochta faisn\u00e9ise) Better Start.<\/p>\n\n\n\n<h3 class=\"wp-block-heading\">Acmhainn\u00ed Breise do Chleacht\u00f3ir\u00ed<\/h3>\n\n\n\n<p>T\u00e1 c\u00farsa\u00ed breise CPD ar f\u00e1il anseo:&nbsp;<a href=\"https:\/\/first5.gov.ie\/practitioners\/continuing-professional-development\">https:\/\/first5.gov.ie\/practitioners\/continuing-professional-development<\/a>.<\/p>\n\n\n<!--#section_close\" -->\r\n\t<\/div>\r\n<\/section>\r\n<!--#section_close\" -->\n\n\n<p><\/p>\n","protected":false},"excerpt":{"rendered":"<p>Taca\u00edochta\u00ed Uil\u00edocha T\u00e9ann taca\u00edochta\u00ed uil\u00edocha AIM chun tairbhe na timpeallachta r\u00e9amhscoile ar fad tr\u00ed chur ar chumas sol\u00e1thraithe r\u00e9amhscoile cult\u00far n\u00edos cuimsith\u00ed a chruth\u00fa ina su\u00edomhanna. D\u00e9antar \u00e9 sin tr\u00ed thairbhe a bhaint as; Forbairt Ghairmi\u00fail Lean\u00fanach (Continuous Professional Development, CPD), cairt agus treoirl\u00ednte cuimsithe do r\u00e9amhscoileanna agus c\u00e1il\u00edocht Leibh\u00e9al 6 i gCeannaireacht um Chuimsi\u00fa<\/p>\n","protected":false},"author":4,"featured_media":0,"parent":660,"menu_order":1,"comment_status":"closed","ping_status":"closed","template":"","meta":{"_acf_changed":false,"footnotes":""},"class_list":["post-673","page","type-page","status-publish","hentry"],"acf":[],"yoast_head":"<!-- This site is optimized with the Yoast SEO plugin v26.4 - https:\/\/yoast.com\/wordpress\/plugins\/seo\/ -->\n<title>Taca\u00edochta\u00ed Uil\u00edocha - Access and Inclusion Model<\/title>\n<meta name=\"robots\" content=\"index, follow, max-snippet:-1, max-image-preview:large, max-video-preview:-1\" \/>\n<link rel=\"canonical\" href=\"https:\/\/aim.gov.ie\/ga\/aim-supports\/universal-supports\/\" \/>\n<meta property=\"og:locale\" content=\"ga_IE\" \/>\n<meta property=\"og:type\" content=\"article\" \/>\n<meta property=\"og:title\" content=\"Taca\u00edochta\u00ed Uil\u00edocha - Access and Inclusion Model\" \/>\n<meta property=\"og:description\" content=\"Taca\u00edochta\u00ed Uil\u00edocha T\u00e9ann taca\u00edochta\u00ed uil\u00edocha AIM chun tairbhe na timpeallachta r\u00e9amhscoile ar fad tr\u00ed chur ar chumas sol\u00e1thraithe r\u00e9amhscoile cult\u00far n\u00edos cuimsith\u00ed a chruth\u00fa ina su\u00edomhanna. D\u00e9antar \u00e9 sin tr\u00ed thairbhe a bhaint as; Forbairt Ghairmi\u00fail Lean\u00fanach (Continuous Professional Development, CPD), cairt agus treoirl\u00ednte cuimsithe do r\u00e9amhscoileanna agus c\u00e1il\u00edocht Leibh\u00e9al 6 i gCeannaireacht um Chuimsi\u00fa\" \/>\n<meta property=\"og:url\" content=\"https:\/\/aim.gov.ie\/ga\/aim-supports\/universal-supports\/\" \/>\n<meta property=\"og:site_name\" content=\"Access and Inclusion Model\" \/>\n<meta property=\"article:modified_time\" content=\"2021-10-28T08:06:24+00:00\" \/>\n<meta name=\"twitter:card\" content=\"summary_large_image\" \/>\n<meta name=\"twitter:label1\" content=\"Est. reading time\" \/>\n\t<meta name=\"twitter:data1\" content=\"3 minutes\" \/>\n<script type=\"application\/ld+json\" class=\"yoast-schema-graph\">{\"@context\":\"https:\/\/schema.org\",\"@graph\":[{\"@type\":\"WebPage\",\"@id\":\"https:\/\/aim.gov.ie\/ga\/aim-supports\/universal-supports\/\",\"url\":\"https:\/\/aim.gov.ie\/ga\/aim-supports\/universal-supports\/\",\"name\":\"Taca\u00edochta\u00ed Uil\u00edocha - Access and Inclusion Model\",\"isPartOf\":{\"@id\":\"https:\/\/aim.gov.ie\/ga\/#website\"},\"datePublished\":\"2021-05-06T10:05:02+00:00\",\"dateModified\":\"2021-10-28T08:06:24+00:00\",\"breadcrumb\":{\"@id\":\"https:\/\/aim.gov.ie\/ga\/aim-supports\/universal-supports\/#breadcrumb\"},\"inLanguage\":\"ga-IE\",\"potentialAction\":[{\"@type\":\"ReadAction\",\"target\":[\"https:\/\/aim.gov.ie\/ga\/aim-supports\/universal-supports\/\"]}]},{\"@type\":\"BreadcrumbList\",\"@id\":\"https:\/\/aim.gov.ie\/ga\/aim-supports\/universal-supports\/#breadcrumb\",\"itemListElement\":[{\"@type\":\"ListItem\",\"position\":1,\"name\":\"Home\",\"item\":\"https:\/\/aim.gov.ie\/ga\/\"},{\"@type\":\"ListItem\",\"position\":2,\"name\":\"Taca\u00edochta\u00ed AIM\",\"item\":\"https:\/\/aim.gov.ie\/ga\/aim-supports\/\"},{\"@type\":\"ListItem\",\"position\":3,\"name\":\"Taca\u00edochta\u00ed Uil\u00edocha\"}]},{\"@type\":\"WebSite\",\"@id\":\"https:\/\/aim.gov.ie\/ga\/#website\",\"url\":\"https:\/\/aim.gov.ie\/ga\/\",\"name\":\"Access and Inclusion Model\",\"description\":\"The Access and Inclusion Model (AIM) is a model of supports designed to ensure that children with disabilities can access the Early Childhood Care and Education (ECCE) Programme.\",\"potentialAction\":[{\"@type\":\"SearchAction\",\"target\":{\"@type\":\"EntryPoint\",\"urlTemplate\":\"https:\/\/aim.gov.ie\/ga\/?s={search_term_string}\"},\"query-input\":{\"@type\":\"PropertyValueSpecification\",\"valueRequired\":true,\"valueName\":\"search_term_string\"}}],\"inLanguage\":\"ga-IE\"}]}<\/script>\n<!-- \/ Yoast SEO plugin. -->","yoast_head_json":{"title":"Taca\u00edochta\u00ed Uil\u00edocha - Access and Inclusion Model","robots":{"index":"index","follow":"follow","max-snippet":"max-snippet:-1","max-image-preview":"max-image-preview:large","max-video-preview":"max-video-preview:-1"},"canonical":"https:\/\/aim.gov.ie\/ga\/aim-supports\/universal-supports\/","og_locale":"ga_IE","og_type":"article","og_title":"Taca\u00edochta\u00ed Uil\u00edocha - Access and Inclusion Model","og_description":"Taca\u00edochta\u00ed Uil\u00edocha T\u00e9ann taca\u00edochta\u00ed uil\u00edocha AIM chun tairbhe na timpeallachta r\u00e9amhscoile ar fad tr\u00ed chur ar chumas sol\u00e1thraithe r\u00e9amhscoile cult\u00far n\u00edos cuimsith\u00ed a chruth\u00fa ina su\u00edomhanna. D\u00e9antar \u00e9 sin tr\u00ed thairbhe a bhaint as; Forbairt Ghairmi\u00fail Lean\u00fanach (Continuous Professional Development, CPD), cairt agus treoirl\u00ednte cuimsithe do r\u00e9amhscoileanna agus c\u00e1il\u00edocht Leibh\u00e9al 6 i gCeannaireacht um Chuimsi\u00fa","og_url":"https:\/\/aim.gov.ie\/ga\/aim-supports\/universal-supports\/","og_site_name":"Access and Inclusion Model","article_modified_time":"2021-10-28T08:06:24+00:00","twitter_card":"summary_large_image","twitter_misc":{"Est. reading time":"3 minutes"},"schema":{"@context":"https:\/\/schema.org","@graph":[{"@type":"WebPage","@id":"https:\/\/aim.gov.ie\/ga\/aim-supports\/universal-supports\/","url":"https:\/\/aim.gov.ie\/ga\/aim-supports\/universal-supports\/","name":"Taca\u00edochta\u00ed Uil\u00edocha - Access and Inclusion Model","isPartOf":{"@id":"https:\/\/aim.gov.ie\/ga\/#website"},"datePublished":"2021-05-06T10:05:02+00:00","dateModified":"2021-10-28T08:06:24+00:00","breadcrumb":{"@id":"https:\/\/aim.gov.ie\/ga\/aim-supports\/universal-supports\/#breadcrumb"},"inLanguage":"ga-IE","potentialAction":[{"@type":"ReadAction","target":["https:\/\/aim.gov.ie\/ga\/aim-supports\/universal-supports\/"]}]},{"@type":"BreadcrumbList","@id":"https:\/\/aim.gov.ie\/ga\/aim-supports\/universal-supports\/#breadcrumb","itemListElement":[{"@type":"ListItem","position":1,"name":"Home","item":"https:\/\/aim.gov.ie\/ga\/"},{"@type":"ListItem","position":2,"name":"Taca\u00edochta\u00ed AIM","item":"https:\/\/aim.gov.ie\/ga\/aim-supports\/"},{"@type":"ListItem","position":3,"name":"Taca\u00edochta\u00ed Uil\u00edocha"}]},{"@type":"WebSite","@id":"https:\/\/aim.gov.ie\/ga\/#website","url":"https:\/\/aim.gov.ie\/ga\/","name":"Access and Inclusion Model","description":"The Access and Inclusion Model (AIM) is a model of supports designed to ensure that children with disabilities can access the Early Childhood Care and Education (ECCE) Programme.","potentialAction":[{"@type":"SearchAction","target":{"@type":"EntryPoint","urlTemplate":"https:\/\/aim.gov.ie\/ga\/?s={search_term_string}"},"query-input":{"@type":"PropertyValueSpecification","valueRequired":true,"valueName":"search_term_string"}}],"inLanguage":"ga-IE"}]}},"_links":{"self":[{"href":"https:\/\/aim.gov.ie\/ga\/wp-json\/wp\/v2\/pages\/673","targetHints":{"allow":["GET"]}}],"collection":[{"href":"https:\/\/aim.gov.ie\/ga\/wp-json\/wp\/v2\/pages"}],"about":[{"href":"https:\/\/aim.gov.ie\/ga\/wp-json\/wp\/v2\/types\/page"}],"author":[{"embeddable":true,"href":"https:\/\/aim.gov.ie\/ga\/wp-json\/wp\/v2\/users\/4"}],"replies":[{"embeddable":true,"href":"https:\/\/aim.gov.ie\/ga\/wp-json\/wp\/v2\/comments?post=673"}],"version-history":[{"count":7,"href":"https:\/\/aim.gov.ie\/ga\/wp-json\/wp\/v2\/pages\/673\/revisions"}],"predecessor-version":[{"id":1091,"href":"https:\/\/aim.gov.ie\/ga\/wp-json\/wp\/v2\/pages\/673\/revisions\/1091"}],"up":[{"embeddable":true,"href":"https:\/\/aim.gov.ie\/ga\/wp-json\/wp\/v2\/pages\/660"}],"wp:attachment":[{"href":"https:\/\/aim.gov.ie\/ga\/wp-json\/wp\/v2\/media?parent=673"}],"curies":[{"name":"wp","href":"https:\/\/api.w.org\/{rel}","templated":true}]}}